{"id":11839,"date":"2023-10-27T07:02:43","date_gmt":"2023-10-27T07:02:43","guid":{"rendered":"https:\/\/2023shop.heinrichschulte.de\/?product=xena-kuechen-wandarmatur-200"},"modified":"2023-10-27T07:44:29","modified_gmt":"2023-10-27T07:44:29","slug":"xena-kuechen-wandarmatur-200","status":"publish","type":"product","link":"https:\/\/2023shop.heinrichschulte.de\/?product=xena-kuechen-wandarmatur-200","title":{"rendered":"xena K\u00fcchen-Wandarmatur 200"},"content":{"rendered":"","protected":false},"excerpt":{"rendered":"<p>Unaufdringlich und vom Volumen zur\u00fcckhaltend verbindet der Armaturenk\u00f6rper die Wasserzul\u00e4ufe. Die brillante Chromoberfl\u00e4che unterstreicht wirkungsvoll die Sch\u00f6nheit dieser Armatur. Der platzsparend positionierte Hebel ist nach hinten abgeschr\u00e4gt und erlaubt den bequemen Zugriff auch von dieser Seite der Armatur. Der mit wirkungsvollem Kalkschutz ausgestattete Spezialstrahlregler gew\u00e4hrleistet eine optimal bel\u00fcftete Strahlqualit\u00e4t. Dadurch wird Wasser gespart und Spritzwasser verhindert. Der schwenkbare Auslauf erm\u00f6glicht komfortables und zielgerichtetes Arbeiten. <\/p>\n","protected":false},"featured_media":6105,"template":"","meta":[],"product_cat":[1330,1334,1356,1354],"product_tag":[71,75,1360,1358],"lang":"de","translations":{"de":11839,"en":12513},"pll_sync_post":[],"_links":{"self":[{"href":"https:\/\/2023shop.heinrichschulte.de\/index.php?rest_route=\/wp\/v2\/product\/11839"}],"collection":[{"href":"https:\/\/2023shop.heinrichschulte.de\/index.php?rest_route=\/wp\/v2\/product"}],"about":[{"href":"https:\/\/2023shop.heinrichschulte.de\/index.php?rest_route=\/wp\/v2\/types\/product"}],"version-history":[{"count":1,"href":"https:\/\/2023shop.heinrichschulte.de\/index.php?rest_route=\/wp\/v2\/product\/11839\/revisions"}],"predecessor-version":[{"id":11840,"href":"https:\/\/2023shop.heinrichschulte.de\/index.php?rest_route=\/wp\/v2\/product\/11839\/revisions\/11840"}],"wp:featuredmedia":[{"embeddable":true,"href":"https:\/\/2023shop.heinrichschulte.de\/index.php?rest_route=\/wp\/v2\/media\/6105"}],"wp:attachment":[{"href":"https:\/\/2023shop.heinrichschulte.de\/index.php?rest_route=%2Fwp%2Fv2%2Fmedia&parent=11839"}],"wp:term":[{"taxonomy":"product_cat","embeddable":true,"href":"https:\/\/2023shop.heinrichschulte.de\/index.php?rest_route=%2Fwp%2Fv2%2Fproduct_cat&post=11839"},{"taxonomy":"product_tag","embeddable":true,"href":"https:\/\/2023shop.heinrichschulte.de\/index.php?rest_route=%2Fwp%2Fv2%2Fproduct_tag&post=11839"}],"curies":[{"name":"wp","href":"https:\/\/api.w.org\/{rel}","templated":true}]}}