{"id":11901,"date":"2023-10-27T07:03:08","date_gmt":"2023-10-27T07:03:08","guid":{"rendered":"https:\/\/2023shop.heinrichschulte.de\/?product=classic-line_2-unterputzventil-mit-griff-classic-kalt"},"modified":"2023-10-27T07:44:28","modified_gmt":"2023-10-27T07:44:28","slug":"classic-line_2-unterputzventil-mit-griff-classic-kalt","status":"publish","type":"product","link":"https:\/\/2023shop.heinrichschulte.de\/?product=classic-line_2-unterputzventil-mit-griff-classic-kalt","title":{"rendered":"classic-line_2 Unterputzventil mit Griff Classic, kalt"},"content":{"rendered":"","protected":false},"excerpt":{"rendered":"<p>In hoher Qualit\u00e4t pr\u00e4zise gefertigt bietet dieses Unterputzventil universellen Einsatz f\u00fcr die Sanit\u00e4rinstallation. Qualit\u00e4tswerkstoffe aus Deutschland, die sowohl die Vorgaben der Trinkwasserverordnung als auch die des Umweltbundesamtes erf\u00fcllen, schaffen die Voraussetzung f\u00fcr gesundes Trinkwasser. Die Griffvariante &#8220;Classic&#8221; vereint in ihrer nach oben aufschwingenden Form haptisch und \u00e4sthetisch ausgewogen rutschhemmende Details zur sicheren Bedienung. Die leicht der Wand anpassbare Schubrosette umschlie\u00dft elegant und verleiht dem Unterputzventil eine sehr hochwertige Erscheinung. Durch eine standardisierte kurze Verzahnung im vorderen Bereich der Steuerstange lassen sich uneingeschr\u00e4nkt alle Sicht- und Griffteile \u00fcber eine Rastbuchse sicher montieren. Die mitgelieferte Bauschutzkappe verhindert Verunreinigungen w\u00e4hrend der Installationsphase. <\/p>\n","protected":false},"featured_media":5208,"template":"","meta":[],"product_cat":[1262,1954,1542,1260,1956,1548],"product_tag":[1274,1958,1550,1272,1960,1556],"lang":"de","translations":{"de":11901,"en":12578},"pll_sync_post":[],"_links":{"self":[{"href":"https:\/\/2023shop.heinrichschulte.de\/index.php?rest_route=\/wp\/v2\/product\/11901"}],"collection":[{"href":"https:\/\/2023shop.heinrichschulte.de\/index.php?rest_route=\/wp\/v2\/product"}],"about":[{"href":"https:\/\/2023shop.heinrichschulte.de\/index.php?rest_route=\/wp\/v2\/types\/product"}],"version-history":[{"count":1,"href":"https:\/\/2023shop.heinrichschulte.de\/index.php?rest_route=\/wp\/v2\/product\/11901\/revisions"}],"predecessor-version":[{"id":11902,"href":"https:\/\/2023shop.heinrichschulte.de\/index.php?rest_route=\/wp\/v2\/product\/11901\/revisions\/11902"}],"wp:featuredmedia":[{"embeddable":true,"href":"https:\/\/2023shop.heinrichschulte.de\/index.php?rest_route=\/wp\/v2\/media\/5208"}],"wp:attachment":[{"href":"https:\/\/2023shop.heinrichschulte.de\/index.php?rest_route=%2Fwp%2Fv2%2Fmedia&parent=11901"}],"wp:term":[{"taxonomy":"product_cat","embeddable":true,"href":"https:\/\/2023shop.heinrichschulte.de\/index.php?rest_route=%2Fwp%2Fv2%2Fproduct_cat&post=11901"},{"taxonomy":"product_tag","embeddable":true,"href":"https:\/\/2023shop.heinrichschulte.de\/index.php?rest_route=%2Fwp%2Fv2%2Fproduct_tag&post=11901"}],"curies":[{"name":"wp","href":"https:\/\/api.w.org\/{rel}","templated":true}]}}