{"id":11907,"date":"2023-10-27T07:03:10","date_gmt":"2023-10-27T07:03:10","guid":{"rendered":"https:\/\/2023shop.heinrichschulte.de\/?product=classic-line_2-standhahn-1-2-mit-griff-classic-kalt"},"modified":"2023-10-27T07:46:00","modified_gmt":"2023-10-27T07:46:00","slug":"classic-line_2-standhahn-1-2-mit-griff-classic-kalt","status":"publish","type":"product","link":"https:\/\/2023shop.heinrichschulte.de\/?product=classic-line_2-standhahn-1-2-mit-griff-classic-kalt","title":{"rendered":"classic-line_2 Standhahn 1\/2&#8243; mit Griff Classic, kalt"},"content":{"rendered":"","protected":false},"excerpt":{"rendered":"<p>Geschmeidig verbindet sich der Armaturenk\u00f6rper mit dem an der Oberfl\u00e4che glatt gestalteten Auslauf zu einer homogenen Gesamterscheinung. Die brillante Chromoberfl\u00e4che unterstreicht wirkungsvoll die Sch\u00f6nheit dieser Armatur. Die Griffvariante &#8220;Classic&#8221; vereint in ihrer nach oben aufschwingenden Form haptisch und \u00e4sthetisch ausgewogen rutschhemmende Details zur sicheren Bedienung. \u00dcber eine spezielle Schaftverschraubung wird diese Armatur sehr stabil montiert. <\/p>\n","protected":false},"featured_media":4969,"template":"","meta":[],"product_cat":[1262,1264,1266,1260,1270,1268],"product_tag":[1274,1276,1278,1272,1282,1280],"lang":"de","translations":{"de":11907,"en":12584},"pll_sync_post":[],"_links":{"self":[{"href":"https:\/\/2023shop.heinrichschulte.de\/index.php?rest_route=\/wp\/v2\/product\/11907"}],"collection":[{"href":"https:\/\/2023shop.heinrichschulte.de\/index.php?rest_route=\/wp\/v2\/product"}],"about":[{"href":"https:\/\/2023shop.heinrichschulte.de\/index.php?rest_route=\/wp\/v2\/types\/product"}],"version-history":[{"count":1,"href":"https:\/\/2023shop.heinrichschulte.de\/index.php?rest_route=\/wp\/v2\/product\/11907\/revisions"}],"predecessor-version":[{"id":11908,"href":"https:\/\/2023shop.heinrichschulte.de\/index.php?rest_route=\/wp\/v2\/product\/11907\/revisions\/11908"}],"wp:featuredmedia":[{"embeddable":true,"href":"https:\/\/2023shop.heinrichschulte.de\/index.php?rest_route=\/wp\/v2\/media\/4969"}],"wp:attachment":[{"href":"https:\/\/2023shop.heinrichschulte.de\/index.php?rest_route=%2Fwp%2Fv2%2Fmedia&parent=11907"}],"wp:term":[{"taxonomy":"product_cat","embeddable":true,"href":"https:\/\/2023shop.heinrichschulte.de\/index.php?rest_route=%2Fwp%2Fv2%2Fproduct_cat&post=11907"},{"taxonomy":"product_tag","embeddable":true,"href":"https:\/\/2023shop.heinrichschulte.de\/index.php?rest_route=%2Fwp%2Fv2%2Fproduct_tag&post=11907"}],"curies":[{"name":"wp","href":"https:\/\/api.w.org\/{rel}","templated":true}]}}