{"id":11921,"date":"2023-10-27T07:03:15","date_gmt":"2023-10-27T07:03:15","guid":{"rendered":"https:\/\/2023shop.heinrichschulte.de\/?product=alpha_350-waschtischarmatur-ohne-ablaufgarnitur"},"modified":"2023-10-27T07:44:04","modified_gmt":"2023-10-27T07:44:04","slug":"alpha_350-waschtischarmatur-ohne-ablaufgarnitur","status":"publish","type":"product","link":"https:\/\/2023shop.heinrichschulte.de\/?product=alpha_350-waschtischarmatur-ohne-ablaufgarnitur","title":{"rendered":"alpha_350 Waschtischarmatur ohne Ablaufgarnitur"},"content":{"rendered":"","protected":false},"excerpt":{"rendered":"<p>Der zylindrische Grundk\u00f6rper der seitengesteuerten Armatur verj\u00fcngt sich sanft nach oben und bildet damit eine stilvolle Basis f\u00fcr den sich in weitem Bogen erhebenden Schwenkauslauf. Die brillante Chromoberfl\u00e4che unterstreicht wirkungsvoll die Sch\u00f6nheit dieser Armatur. Leicht beweglich und ergonomisch sensibel abgestimmt, schlie\u00dft der im \u00dcbergang markant gestaltete Hebel die Armatur formvollendet ab. Der unsichtbar eingesetzte Cach\u00e9-Strahlregler hilft Wasser zu sparen und sch\u00fctzt die Armatur durch seine eigens daf\u00fcr entwickelte Silikon-Lippe vor Kalkablagerungen. Zur Steuerung der Ablaufgarnitur integriert sich im hinteren Bereich dezent die leichtg\u00e4ngige Zugstange, die durch ihre Form auch mit nassen H\u00e4nden bequem und sicher zu bedienen ist. <\/p>\n","protected":false},"featured_media":5775,"template":"","meta":[],"product_cat":[1332,735,1370,1266,1638],"product_tag":[1338,134,1376,1278,1640],"lang":"de","translations":{"de":11921,"en":12598},"pll_sync_post":[],"_links":{"self":[{"href":"https:\/\/2023shop.heinrichschulte.de\/index.php?rest_route=\/wp\/v2\/product\/11921"}],"collection":[{"href":"https:\/\/2023shop.heinrichschulte.de\/index.php?rest_route=\/wp\/v2\/product"}],"about":[{"href":"https:\/\/2023shop.heinrichschulte.de\/index.php?rest_route=\/wp\/v2\/types\/product"}],"version-history":[{"count":1,"href":"https:\/\/2023shop.heinrichschulte.de\/index.php?rest_route=\/wp\/v2\/product\/11921\/revisions"}],"predecessor-version":[{"id":11922,"href":"https:\/\/2023shop.heinrichschulte.de\/index.php?rest_route=\/wp\/v2\/product\/11921\/revisions\/11922"}],"wp:featuredmedia":[{"embeddable":true,"href":"https:\/\/2023shop.heinrichschulte.de\/index.php?rest_route=\/wp\/v2\/media\/5775"}],"wp:attachment":[{"href":"https:\/\/2023shop.heinrichschulte.de\/index.php?rest_route=%2Fwp%2Fv2%2Fmedia&parent=11921"}],"wp:term":[{"taxonomy":"product_cat","embeddable":true,"href":"https:\/\/2023shop.heinrichschulte.de\/index.php?rest_route=%2Fwp%2Fv2%2Fproduct_cat&post=11921"},{"taxonomy":"product_tag","embeddable":true,"href":"https:\/\/2023shop.heinrichschulte.de\/index.php?rest_route=%2Fwp%2Fv2%2Fproduct_tag&post=11921"}],"curies":[{"name":"wp","href":"https:\/\/api.w.org\/{rel}","templated":true}]}}