{"id":11935,"date":"2023-10-27T07:03:19","date_gmt":"2023-10-27T07:03:19","guid":{"rendered":"https:\/\/2023shop.heinrichschulte.de\/?product=classic-line_2-unterputzventil-mit-loetanschluss-15-2"},"modified":"2023-10-27T07:47:11","modified_gmt":"2023-10-27T07:47:11","slug":"classic-line_2-unterputzventil-mit-loetanschluss-15-2","status":"publish","type":"product","link":"https:\/\/2023shop.heinrichschulte.de\/?product=classic-line_2-unterputzventil-mit-loetanschluss-15-2","title":{"rendered":"classic-line_2 Unterputzventil mit L\u00f6tanschluss 15"},"content":{"rendered":"","protected":false},"excerpt":{"rendered":"<p>In hoher Qualit\u00e4t pr\u00e4zise gefertigt bietet dieses Unterputzventil universellen Einsatz f\u00fcr die Sanit\u00e4rinstallation. Qualit\u00e4tswerkstoffe aus Deutschland, die sowohl die Vorgaben der Trinkwasserverordnung als auch die des Umweltbundesamtes erf\u00fcllen, schaffen die Voraussetzung f\u00fcr gesundes Trinkwasser. Durch die lange Verzahnung der Steuerstange lassen sich unterschiedliche Einbautiefen durch Zwischenelemente ausgleichen und der Wandabstand der Sichtteile elegant anpassen. Alle Sicht- und Griffteile werden \u00fcber eine Rastbuchse sicher montiert. Die mitgelieferte Bauschutzkappe verhindert Verunreinigungen w\u00e4hrend der Installationsphase. <\/p>\n","protected":false},"featured_media":5234,"template":"","meta":[],"product_cat":[1262,1544,1542,1260,1546,1548],"product_tag":[1274,1552,1550,1272,1554,1556],"lang":"de","translations":{"de":11935,"en":12612},"pll_sync_post":[],"_links":{"self":[{"href":"https:\/\/2023shop.heinrichschulte.de\/index.php?rest_route=\/wp\/v2\/product\/11935"}],"collection":[{"href":"https:\/\/2023shop.heinrichschulte.de\/index.php?rest_route=\/wp\/v2\/product"}],"about":[{"href":"https:\/\/2023shop.heinrichschulte.de\/index.php?rest_route=\/wp\/v2\/types\/product"}],"version-history":[{"count":1,"href":"https:\/\/2023shop.heinrichschulte.de\/index.php?rest_route=\/wp\/v2\/product\/11935\/revisions"}],"predecessor-version":[{"id":11936,"href":"https:\/\/2023shop.heinrichschulte.de\/index.php?rest_route=\/wp\/v2\/product\/11935\/revisions\/11936"}],"wp:featuredmedia":[{"embeddable":true,"href":"https:\/\/2023shop.heinrichschulte.de\/index.php?rest_route=\/wp\/v2\/media\/5234"}],"wp:attachment":[{"href":"https:\/\/2023shop.heinrichschulte.de\/index.php?rest_route=%2Fwp%2Fv2%2Fmedia&parent=11935"}],"wp:term":[{"taxonomy":"product_cat","embeddable":true,"href":"https:\/\/2023shop.heinrichschulte.de\/index.php?rest_route=%2Fwp%2Fv2%2Fproduct_cat&post=11935"},{"taxonomy":"product_tag","embeddable":true,"href":"https:\/\/2023shop.heinrichschulte.de\/index.php?rest_route=%2Fwp%2Fv2%2Fproduct_tag&post=11935"}],"curies":[{"name":"wp","href":"https:\/\/api.w.org\/{rel}","templated":true}]}}