{"id":11955,"date":"2023-10-27T07:03:32","date_gmt":"2023-10-27T07:03:32","guid":{"rendered":"https:\/\/2023shop.heinrichschulte.de\/?product=classic-line_2-unterputzventil-mit-gewindeanschluss-1-2"},"modified":"2023-10-27T07:44:53","modified_gmt":"2023-10-27T07:44:53","slug":"classic-line_2-unterputzventil-mit-gewindeanschluss-1-2","status":"publish","type":"product","link":"https:\/\/2023shop.heinrichschulte.de\/?product=classic-line_2-unterputzventil-mit-gewindeanschluss-1-2","title":{"rendered":"classic-line_2 Unterputzventil mit Gewindeanschluss 1\/2&#8243;"},"content":{"rendered":"","protected":false},"excerpt":{"rendered":"<p>In hoher Qualit\u00e4t pr\u00e4zise gefertigt bietet dieses Unterputzventil universellen Einsatz f\u00fcr die Sanit\u00e4rinstallation. Qualit\u00e4tswerkstoffe aus Deutschland, die sowohl die Vorgaben der Trinkwasserverordnung als auch die des Umweltbundesamtes erf\u00fcllen, schaffen die Voraussetzung f\u00fcr gesundes Trinkwasser. Durch eine standardisierte kurze Verzahnung im vorderen Bereich der Steuerstange lassen sich uneingeschr\u00e4nkt alle Sicht- und Griffteile \u00fcber eine Rastbuchse sicher montieren. Die mitgelieferte Bauschutzkappe verhindert Verunreinigungen w\u00e4hrend der Installationsphase. <\/p>\n","protected":false},"featured_media":5166,"template":"","meta":[],"product_cat":[1262,1544,1542,1260,1546,1548],"product_tag":[1274,1552,1550,1272,1554,1556],"lang":"de","translations":{"de":11955,"en":12635},"pll_sync_post":[],"_links":{"self":[{"href":"https:\/\/2023shop.heinrichschulte.de\/index.php?rest_route=\/wp\/v2\/product\/11955"}],"collection":[{"href":"https:\/\/2023shop.heinrichschulte.de\/index.php?rest_route=\/wp\/v2\/product"}],"about":[{"href":"https:\/\/2023shop.heinrichschulte.de\/index.php?rest_route=\/wp\/v2\/types\/product"}],"version-history":[{"count":1,"href":"https:\/\/2023shop.heinrichschulte.de\/index.php?rest_route=\/wp\/v2\/product\/11955\/revisions"}],"predecessor-version":[{"id":11956,"href":"https:\/\/2023shop.heinrichschulte.de\/index.php?rest_route=\/wp\/v2\/product\/11955\/revisions\/11956"}],"wp:featuredmedia":[{"embeddable":true,"href":"https:\/\/2023shop.heinrichschulte.de\/index.php?rest_route=\/wp\/v2\/media\/5166"}],"wp:attachment":[{"href":"https:\/\/2023shop.heinrichschulte.de\/index.php?rest_route=%2Fwp%2Fv2%2Fmedia&parent=11955"}],"wp:term":[{"taxonomy":"product_cat","embeddable":true,"href":"https:\/\/2023shop.heinrichschulte.de\/index.php?rest_route=%2Fwp%2Fv2%2Fproduct_cat&post=11955"},{"taxonomy":"product_tag","embeddable":true,"href":"https:\/\/2023shop.heinrichschulte.de\/index.php?rest_route=%2Fwp%2Fv2%2Fproduct_tag&post=11955"}],"curies":[{"name":"wp","href":"https:\/\/api.w.org\/{rel}","templated":true}]}}