{"id":11957,"date":"2023-10-27T07:03:32","date_gmt":"2023-10-27T07:03:32","guid":{"rendered":"https:\/\/2023shop.heinrichschulte.de\/?product=classic-line_2-zweigriff-waschtischarmatur-niederdruck-mit-ablaufgarnitur"},"modified":"2023-10-27T07:45:16","modified_gmt":"2023-10-27T07:45:16","slug":"classic-line_2-zweigriff-waschtischarmatur-niederdruck-mit-ablaufgarnitur","status":"publish","type":"product","link":"https:\/\/2023shop.heinrichschulte.de\/?product=classic-line_2-zweigriff-waschtischarmatur-niederdruck-mit-ablaufgarnitur","title":{"rendered":"classic-line_2 Zweigriff Waschtischarmatur Niederdruck mit Ablaufgarnitur"},"content":{"rendered":"","protected":false},"excerpt":{"rendered":"<p>Detailverliebte Gestaltung und handwerkliche Meisterschaft virtuos kombiniert, bilden die Basis f\u00fcr diese au\u00dfergew\u00f6hnliche Armatur. Die brillante Chromoberfl\u00e4che unterstreicht wirkungsvoll die Sch\u00f6nheit dieser Armatur. Die Griffvariante &#8220;Classic&#8221; vereint in ihrer nach oben aufschwingenden Form haptisch und \u00e4sthetisch ausgewogen rutschhemmende Details zur sicheren Bedienung. Mit einem speziellen Strahlregler f\u00fcr Niederdruckarmaturen werden die Bedingungen f\u00fcr Hei\u00dfwasserger\u00e4te erf\u00fcllt. Der schwenkbare Rohrauslauf ist imposant geformt und erm\u00f6glicht eine komfortable Wasserentnahme. <\/p>\n","protected":false},"featured_media":5018,"template":"","meta":[],"product_cat":[1262,1264,1266,1260,1270,1268],"product_tag":[1274,1276,1278,1272,1282,1280],"lang":"de","translations":{"de":11957,"en":12637},"pll_sync_post":[],"_links":{"self":[{"href":"https:\/\/2023shop.heinrichschulte.de\/index.php?rest_route=\/wp\/v2\/product\/11957"}],"collection":[{"href":"https:\/\/2023shop.heinrichschulte.de\/index.php?rest_route=\/wp\/v2\/product"}],"about":[{"href":"https:\/\/2023shop.heinrichschulte.de\/index.php?rest_route=\/wp\/v2\/types\/product"}],"version-history":[{"count":1,"href":"https:\/\/2023shop.heinrichschulte.de\/index.php?rest_route=\/wp\/v2\/product\/11957\/revisions"}],"predecessor-version":[{"id":11958,"href":"https:\/\/2023shop.heinrichschulte.de\/index.php?rest_route=\/wp\/v2\/product\/11957\/revisions\/11958"}],"wp:featuredmedia":[{"embeddable":true,"href":"https:\/\/2023shop.heinrichschulte.de\/index.php?rest_route=\/wp\/v2\/media\/5018"}],"wp:attachment":[{"href":"https:\/\/2023shop.heinrichschulte.de\/index.php?rest_route=%2Fwp%2Fv2%2Fmedia&parent=11957"}],"wp:term":[{"taxonomy":"product_cat","embeddable":true,"href":"https:\/\/2023shop.heinrichschulte.de\/index.php?rest_route=%2Fwp%2Fv2%2Fproduct_cat&post=11957"},{"taxonomy":"product_tag","embeddable":true,"href":"https:\/\/2023shop.heinrichschulte.de\/index.php?rest_route=%2Fwp%2Fv2%2Fproduct_tag&post=11957"}],"curies":[{"name":"wp","href":"https:\/\/api.w.org\/{rel}","templated":true}]}}