{"id":11973,"date":"2023-10-27T07:03:37","date_gmt":"2023-10-27T07:03:37","guid":{"rendered":"https:\/\/2023shop.heinrichschulte.de\/?product=classic-line_2-standschwenkventil-1-2-mit-griff-classic-kalt"},"modified":"2023-10-27T07:45:13","modified_gmt":"2023-10-27T07:45:13","slug":"classic-line_2-standschwenkventil-1-2-mit-griff-classic-kalt","status":"publish","type":"product","link":"https:\/\/2023shop.heinrichschulte.de\/?product=classic-line_2-standschwenkventil-1-2-mit-griff-classic-kalt","title":{"rendered":"classic-line_2 Standschwenkventil 1\/2&#8243; mit Griff Classic, kalt"},"content":{"rendered":"","protected":false},"excerpt":{"rendered":"<p>Spannungsvoll ist die Au\u00dfenfl\u00e4che des Armaturenk\u00f6rpers eingezogen und bildet eine schlanke Basis f\u00fcr technische Einbauten. Die brillante Chromoberfl\u00e4che unterstreicht wirkungsvoll die Sch\u00f6nheit dieser Armatur. Die Griffvariante &#8220;Classic&#8221; vereint in ihrer nach oben aufschwingenden Form haptisch und \u00e4sthetisch ausgewogen rutschhemmende Details zur sicheren Bedienung. Der mit wirkungsvollem Kalkschutz ausgestattete Strahlregler gew\u00e4hrleistet eine optimal bel\u00fcftete Strahlqualit\u00e4t. Dadurch wird Wasser gespart und Spritzwasser verhindert. Der schwenkbare Rohrauslauf ist imposant geformt und erm\u00f6glicht eine komfortable Wasserentnahme. \u00dcber eine spezielle Schaftverschraubung wird diese Armatur sehr stabil montiert. <\/p>\n","protected":false},"featured_media":4977,"template":"","meta":[],"product_cat":[1262,1264,1266,1260,1270,1268],"product_tag":[1274,1276,1278,1272,1282,1280],"lang":"de","translations":{"de":11973,"en":12653},"pll_sync_post":[],"_links":{"self":[{"href":"https:\/\/2023shop.heinrichschulte.de\/index.php?rest_route=\/wp\/v2\/product\/11973"}],"collection":[{"href":"https:\/\/2023shop.heinrichschulte.de\/index.php?rest_route=\/wp\/v2\/product"}],"about":[{"href":"https:\/\/2023shop.heinrichschulte.de\/index.php?rest_route=\/wp\/v2\/types\/product"}],"version-history":[{"count":1,"href":"https:\/\/2023shop.heinrichschulte.de\/index.php?rest_route=\/wp\/v2\/product\/11973\/revisions"}],"predecessor-version":[{"id":11974,"href":"https:\/\/2023shop.heinrichschulte.de\/index.php?rest_route=\/wp\/v2\/product\/11973\/revisions\/11974"}],"wp:featuredmedia":[{"embeddable":true,"href":"https:\/\/2023shop.heinrichschulte.de\/index.php?rest_route=\/wp\/v2\/media\/4977"}],"wp:attachment":[{"href":"https:\/\/2023shop.heinrichschulte.de\/index.php?rest_route=%2Fwp%2Fv2%2Fmedia&parent=11973"}],"wp:term":[{"taxonomy":"product_cat","embeddable":true,"href":"https:\/\/2023shop.heinrichschulte.de\/index.php?rest_route=%2Fwp%2Fv2%2Fproduct_cat&post=11973"},{"taxonomy":"product_tag","embeddable":true,"href":"https:\/\/2023shop.heinrichschulte.de\/index.php?rest_route=%2Fwp%2Fv2%2Fproduct_tag&post=11973"}],"curies":[{"name":"wp","href":"https:\/\/api.w.org\/{rel}","templated":true}]}}