{"id":11977,"date":"2023-10-27T07:03:39","date_gmt":"2023-10-27T07:03:39","guid":{"rendered":"https:\/\/2023shop.heinrichschulte.de\/?product=ascona_1-wandstangenset-900"},"modified":"2023-10-27T07:45:14","modified_gmt":"2023-10-27T07:45:14","slug":"ascona_1-wandstangenset-900","status":"publish","type":"product","link":"https:\/\/2023shop.heinrichschulte.de\/?product=ascona_1-wandstangenset-900","title":{"rendered":"ascona_1 Wandstangenset 900"},"content":{"rendered":"","protected":false},"excerpt":{"rendered":"<p>Aufbauend auf zylindrische Formelemente ensteht ein hochwertiges Wandstangensystem, das schnell an der Wand angebracht ist. Die integrierte Handbrause ist luxuri\u00f6s mit f\u00fcnf w\u00e4hlbaren Strahlvarianten ausgestattet. Wirkungsvoll unterstreicht die glanzvolle Chromoberfl\u00e4che die zeitlose Eleganz dieses Funktionselements. <\/p>\n","protected":false},"featured_media":5499,"template":"","meta":[],"product_cat":[1590,1370,1474,2046,827],"product_tag":[1594,1376,1478,2048,839],"lang":"de","translations":{"de":11977,"en":12657},"pll_sync_post":[],"_links":{"self":[{"href":"https:\/\/2023shop.heinrichschulte.de\/index.php?rest_route=\/wp\/v2\/product\/11977"}],"collection":[{"href":"https:\/\/2023shop.heinrichschulte.de\/index.php?rest_route=\/wp\/v2\/product"}],"about":[{"href":"https:\/\/2023shop.heinrichschulte.de\/index.php?rest_route=\/wp\/v2\/types\/product"}],"version-history":[{"count":1,"href":"https:\/\/2023shop.heinrichschulte.de\/index.php?rest_route=\/wp\/v2\/product\/11977\/revisions"}],"predecessor-version":[{"id":11978,"href":"https:\/\/2023shop.heinrichschulte.de\/index.php?rest_route=\/wp\/v2\/product\/11977\/revisions\/11978"}],"wp:featuredmedia":[{"embeddable":true,"href":"https:\/\/2023shop.heinrichschulte.de\/index.php?rest_route=\/wp\/v2\/media\/5499"}],"wp:attachment":[{"href":"https:\/\/2023shop.heinrichschulte.de\/index.php?rest_route=%2Fwp%2Fv2%2Fmedia&parent=11977"}],"wp:term":[{"taxonomy":"product_cat","embeddable":true,"href":"https:\/\/2023shop.heinrichschulte.de\/index.php?rest_route=%2Fwp%2Fv2%2Fproduct_cat&post=11977"},{"taxonomy":"product_tag","embeddable":true,"href":"https:\/\/2023shop.heinrichschulte.de\/index.php?rest_route=%2Fwp%2Fv2%2Fproduct_tag&post=11977"}],"curies":[{"name":"wp","href":"https:\/\/api.w.org\/{rel}","templated":true}]}}