{"id":12019,"date":"2023-10-27T07:03:57","date_gmt":"2023-10-27T07:03:57","guid":{"rendered":"https:\/\/2023shop.heinrichschulte.de\/?product=classic-line_2-zweigriff-waschtischarmatur-niederdruck-mit-ablaufgarnitur-2"},"modified":"2023-10-27T07:45:59","modified_gmt":"2023-10-27T07:45:59","slug":"classic-line_2-zweigriff-waschtischarmatur-niederdruck-mit-ablaufgarnitur-2","status":"publish","type":"product","link":"https:\/\/2023shop.heinrichschulte.de\/?product=classic-line_2-zweigriff-waschtischarmatur-niederdruck-mit-ablaufgarnitur-2","title":{"rendered":"classic-line_2 Zweigriff Waschtischarmatur Niederdruck mit Ablaufgarnitur"},"content":{"rendered":"","protected":false},"excerpt":{"rendered":"<p>Detailverliebte Gestaltung und handwerkliche Meisterschaft virtuos kombiniert, bilden die Basis f\u00fcr diese au\u00dfergew\u00f6hnliche Armatur. Die brillante Chromoberfl\u00e4che unterstreicht wirkungsvoll die Sch\u00f6nheit dieser Armatur. Die Griffvariante &#8220;Classic&#8221; vereint in ihrer nach oben aufschwingenden Form haptisch und \u00e4sthetisch ausgewogen rutschhemmende Details zur sicheren Bedienung. Mit einem speziellen Strahlregler f\u00fcr Niederdruckarmaturen werden die Bedingungen f\u00fcr Hei\u00dfwasserger\u00e4te erf\u00fcllt. Zur Steuerung der Ablaufgarnitur integriert sich im hinteren Bereich dezent die leichtg\u00e4ngige Zugstange, die durch ihre Form auch mit nassen H\u00e4nden bequem und sicher zu bedienen ist. Der schwenkbare Gussauslauf ist imposant geformt und erm\u00f6glicht eine komfortable Wasserentnahme. <\/p>\n","protected":false},"featured_media":5040,"template":"","meta":[],"product_cat":[1262,1264,1266,1260,1270,1268],"product_tag":[1274,1276,1278,1272,1282,1280],"lang":"de","translations":{"de":12019,"en":12702},"pll_sync_post":[],"_links":{"self":[{"href":"https:\/\/2023shop.heinrichschulte.de\/index.php?rest_route=\/wp\/v2\/product\/12019"}],"collection":[{"href":"https:\/\/2023shop.heinrichschulte.de\/index.php?rest_route=\/wp\/v2\/product"}],"about":[{"href":"https:\/\/2023shop.heinrichschulte.de\/index.php?rest_route=\/wp\/v2\/types\/product"}],"version-history":[{"count":1,"href":"https:\/\/2023shop.heinrichschulte.de\/index.php?rest_route=\/wp\/v2\/product\/12019\/revisions"}],"predecessor-version":[{"id":12020,"href":"https:\/\/2023shop.heinrichschulte.de\/index.php?rest_route=\/wp\/v2\/product\/12019\/revisions\/12020"}],"wp:featuredmedia":[{"embeddable":true,"href":"https:\/\/2023shop.heinrichschulte.de\/index.php?rest_route=\/wp\/v2\/media\/5040"}],"wp:attachment":[{"href":"https:\/\/2023shop.heinrichschulte.de\/index.php?rest_route=%2Fwp%2Fv2%2Fmedia&parent=12019"}],"wp:term":[{"taxonomy":"product_cat","embeddable":true,"href":"https:\/\/2023shop.heinrichschulte.de\/index.php?rest_route=%2Fwp%2Fv2%2Fproduct_cat&post=12019"},{"taxonomy":"product_tag","embeddable":true,"href":"https:\/\/2023shop.heinrichschulte.de\/index.php?rest_route=%2Fwp%2Fv2%2Fproduct_tag&post=12019"}],"curies":[{"name":"wp","href":"https:\/\/api.w.org\/{rel}","templated":true}]}}