{"id":12051,"date":"2023-10-27T07:04:18","date_gmt":"2023-10-27T07:04:18","guid":{"rendered":"https:\/\/2023shop.heinrichschulte.de\/?product=alpha_350-kuechen-wandarmatur-250"},"modified":"2023-10-27T07:46:46","modified_gmt":"2023-10-27T07:46:46","slug":"alpha_350-kuechen-wandarmatur-250","status":"publish","type":"product","link":"https:\/\/2023shop.heinrichschulte.de\/?product=alpha_350-kuechen-wandarmatur-250","title":{"rendered":"alpha_350 K\u00fcchen-Wandarmatur 250"},"content":{"rendered":"","protected":false},"excerpt":{"rendered":"<p>Diese kompakte und formal ausgewogene K\u00fcchenwandarmatur ist eine sch\u00f6ne und platzsparende Einheit zur Wasserentnahme. Die Anschl\u00fcsse liegen dicht beieinander und verschwinden hinter dem Armaturenk\u00f6rper. Die brillante Chromoberfl\u00e4che unterstreicht wirkungsvoll die Sch\u00f6nheit dieser Armatur. Zur\u00fcckhaltend in seiner Erscheinungsform und mit flie\u00dfenden formalen \u00dcberg\u00e4ngen liegt der Hebel angenehm und sicher in der Hand. Der mit wirkungsvollem Kalkschutz ausgestattete Spezialstrahlregler gew\u00e4hrleistet eine optimal bel\u00fcftete Strahlqualit\u00e4t. Dadurch wird Wasser gespart und Spritzwasser verhindert. Der schwenkbare Rohrauslauf ist imposant geformt und erm\u00f6glicht eine komfortable Wasserentnahme. <\/p>\n","protected":false},"featured_media":5842,"template":"","meta":[],"product_cat":[1332,1330,1334,1336],"product_tag":[1338,71,75,1340],"lang":"de","translations":{"de":12051,"en":12737},"pll_sync_post":[],"_links":{"self":[{"href":"https:\/\/2023shop.heinrichschulte.de\/index.php?rest_route=\/wp\/v2\/product\/12051"}],"collection":[{"href":"https:\/\/2023shop.heinrichschulte.de\/index.php?rest_route=\/wp\/v2\/product"}],"about":[{"href":"https:\/\/2023shop.heinrichschulte.de\/index.php?rest_route=\/wp\/v2\/types\/product"}],"version-history":[{"count":1,"href":"https:\/\/2023shop.heinrichschulte.de\/index.php?rest_route=\/wp\/v2\/product\/12051\/revisions"}],"predecessor-version":[{"id":12052,"href":"https:\/\/2023shop.heinrichschulte.de\/index.php?rest_route=\/wp\/v2\/product\/12051\/revisions\/12052"}],"wp:featuredmedia":[{"embeddable":true,"href":"https:\/\/2023shop.heinrichschulte.de\/index.php?rest_route=\/wp\/v2\/media\/5842"}],"wp:attachment":[{"href":"https:\/\/2023shop.heinrichschulte.de\/index.php?rest_route=%2Fwp%2Fv2%2Fmedia&parent=12051"}],"wp:term":[{"taxonomy":"product_cat","embeddable":true,"href":"https:\/\/2023shop.heinrichschulte.de\/index.php?rest_route=%2Fwp%2Fv2%2Fproduct_cat&post=12051"},{"taxonomy":"product_tag","embeddable":true,"href":"https:\/\/2023shop.heinrichschulte.de\/index.php?rest_route=%2Fwp%2Fv2%2Fproduct_tag&post=12051"}],"curies":[{"name":"wp","href":"https:\/\/api.w.org\/{rel}","templated":true}]}}