{"id":13334,"date":"2023-12-04T11:23:12","date_gmt":"2023-12-04T11:23:12","guid":{"rendered":"https:\/\/2023shop.heinrichschulte.de\/?product=xena-kuechenarmatur-niederdruck"},"modified":"2023-12-04T11:23:12","modified_gmt":"2023-12-04T11:23:12","slug":"xena-kuechenarmatur-niederdruck","status":"publish","type":"product","link":"https:\/\/2023shop.heinrichschulte.de\/?product=xena-kuechenarmatur-niederdruck","title":{"rendered":"xena K\u00fcchenarmatur Niederdruck"},"content":{"rendered":"","protected":false},"excerpt":{"rendered":"<p>\u00dcber einen schr\u00e4g ansteigenden Auslauf flie\u00dft das Wasser in der Armatur in die H\u00f6he und bietet eine bequeme Nutzung. Die brillante Chromoberfl\u00e4che unterstreicht wirkungsvoll die Sch\u00f6nheit dieser Armatur. Der platzsparend positionierte Hebel ist nach hinten abgeschr\u00e4gt und erlaubt den bequemen Zugriff auch von dieser Seite der Armatur. Mit einem speziellen Strahlregler f\u00fcr Niederdruckarmaturen werden die Bedingungen f\u00fcr Hei\u00dfwasserger\u00e4te erf\u00fcllt. Der schwenkbare Auslauf erm\u00f6glicht komfortables und zielgerichtetes Arbeiten. <\/p>\n","protected":false},"featured_media":6129,"template":"","meta":[],"product_cat":[1330,1334,1356,1354],"product_tag":[71,75,1360,1358],"lang":"de","translations":{"de":13334,"en":14298},"pll_sync_post":[],"_links":{"self":[{"href":"https:\/\/2023shop.heinrichschulte.de\/index.php?rest_route=\/wp\/v2\/product\/13334"}],"collection":[{"href":"https:\/\/2023shop.heinrichschulte.de\/index.php?rest_route=\/wp\/v2\/product"}],"about":[{"href":"https:\/\/2023shop.heinrichschulte.de\/index.php?rest_route=\/wp\/v2\/types\/product"}],"version-history":[{"count":1,"href":"https:\/\/2023shop.heinrichschulte.de\/index.php?rest_route=\/wp\/v2\/product\/13334\/revisions"}],"predecessor-version":[{"id":13335,"href":"https:\/\/2023shop.heinrichschulte.de\/index.php?rest_route=\/wp\/v2\/product\/13334\/revisions\/13335"}],"wp:featuredmedia":[{"embeddable":true,"href":"https:\/\/2023shop.heinrichschulte.de\/index.php?rest_route=\/wp\/v2\/media\/6129"}],"wp:attachment":[{"href":"https:\/\/2023shop.heinrichschulte.de\/index.php?rest_route=%2Fwp%2Fv2%2Fmedia&parent=13334"}],"wp:term":[{"taxonomy":"product_cat","embeddable":true,"href":"https:\/\/2023shop.heinrichschulte.de\/index.php?rest_route=%2Fwp%2Fv2%2Fproduct_cat&post=13334"},{"taxonomy":"product_tag","embeddable":true,"href":"https:\/\/2023shop.heinrichschulte.de\/index.php?rest_route=%2Fwp%2Fv2%2Fproduct_tag&post=13334"}],"curies":[{"name":"wp","href":"https:\/\/api.w.org\/{rel}","templated":true}]}}