{"id":13346,"date":"2023-12-04T11:23:15","date_gmt":"2023-12-04T11:23:15","guid":{"rendered":"https:\/\/2023shop.heinrichschulte.de\/?product=alpha_400-bidetarmatur-mit-ablaufgarnitur-2"},"modified":"2023-12-04T11:23:15","modified_gmt":"2023-12-04T11:23:15","slug":"alpha_400-bidetarmatur-mit-ablaufgarnitur-2","status":"publish","type":"product","link":"https:\/\/2023shop.heinrichschulte.de\/?product=alpha_400-bidetarmatur-mit-ablaufgarnitur-2","title":{"rendered":"alpha_400 Bidetarmatur mit Ablaufgarnitur"},"content":{"rendered":"","protected":false},"excerpt":{"rendered":"<p>Trotz kompakter Bauweise ist die stilvolle und pr\u00e4chtige Erscheinung dieser Armatur eine Bereicherung f\u00fcr jeden modernen Sanit\u00e4rbereich. Mit aufw\u00e4ndig aufgebrachtem hochwertigem Chrom werden die formal bedeutungsvollen Oberfl\u00e4chen wirkungsvoll in Szene gesetzt. Der selbstbewusste und elegante Hebel ist pr\u00e4zise austariert und erlaubt ergonomisch sensibel abgestimmt die komfortable Steuerung der Armatur. \u00dcber den eingebauten beweglichen Strahlregler l\u00e4sst sich der weiche Wasserstrahl individuell den Bed\u00fcrfnissen angepasst sehr komfortabel in alle Richtungen lenken. Zur Steuerung der Ablaufgarnitur integriert sich im hinteren Bereich dezent die leichtg\u00e4ngige Zugstange, die durch ihre Form auch mit nassen H\u00e4nden bequem und sicher zu bedienen ist. <\/p>\n","protected":false},"featured_media":6170,"template":"","meta":[],"product_cat":[1342,735,1370,1490,1492],"product_tag":[73,134,1376,1494,1496],"lang":"de","translations":{"de":13346,"en":14310},"pll_sync_post":[],"_links":{"self":[{"href":"https:\/\/2023shop.heinrichschulte.de\/index.php?rest_route=\/wp\/v2\/product\/13346"}],"collection":[{"href":"https:\/\/2023shop.heinrichschulte.de\/index.php?rest_route=\/wp\/v2\/product"}],"about":[{"href":"https:\/\/2023shop.heinrichschulte.de\/index.php?rest_route=\/wp\/v2\/types\/product"}],"version-history":[{"count":1,"href":"https:\/\/2023shop.heinrichschulte.de\/index.php?rest_route=\/wp\/v2\/product\/13346\/revisions"}],"predecessor-version":[{"id":13347,"href":"https:\/\/2023shop.heinrichschulte.de\/index.php?rest_route=\/wp\/v2\/product\/13346\/revisions\/13347"}],"wp:featuredmedia":[{"embeddable":true,"href":"https:\/\/2023shop.heinrichschulte.de\/index.php?rest_route=\/wp\/v2\/media\/6170"}],"wp:attachment":[{"href":"https:\/\/2023shop.heinrichschulte.de\/index.php?rest_route=%2Fwp%2Fv2%2Fmedia&parent=13346"}],"wp:term":[{"taxonomy":"product_cat","embeddable":true,"href":"https:\/\/2023shop.heinrichschulte.de\/index.php?rest_route=%2Fwp%2Fv2%2Fproduct_cat&post=13346"},{"taxonomy":"product_tag","embeddable":true,"href":"https:\/\/2023shop.heinrichschulte.de\/index.php?rest_route=%2Fwp%2Fv2%2Fproduct_tag&post=13346"}],"curies":[{"name":"wp","href":"https:\/\/api.w.org\/{rel}","templated":true}]}}