{"id":13348,"date":"2023-12-04T11:23:15","date_gmt":"2023-12-04T11:23:15","guid":{"rendered":"https:\/\/2023shop.heinrichschulte.de\/?product=alpha-style_600-fertigbauset-brausearmatur-fuer-tec-box_wt-2"},"modified":"2023-12-04T11:23:16","modified_gmt":"2023-12-04T11:23:16","slug":"alpha-style_600-fertigbauset-brausearmatur-fuer-tec-box_wt-2","status":"publish","type":"product","link":"https:\/\/2023shop.heinrichschulte.de\/?product=alpha-style_600-fertigbauset-brausearmatur-fuer-tec-box_wt-2","title":{"rendered":"alpha-style_600 Fertigbauset Brausearmatur  f\u00fcr Tec-box_wt"},"content":{"rendered":"","protected":false},"excerpt":{"rendered":"<p>Puristisch auf die Funktion ausgerichtet, ist diese Armatur ein platzsparendes und gut bedienbares Element im Duschbereich. Die brillante Oberfl\u00e4che aus hochwertigem Chrom unterstreicht die hohe Qualit\u00e4t und Einzigartigkeit dieser Armatur. Der im Griffbereich leicht geschwungene Hebel zelebriert Leichtigkeit und Bewegung und schafft ergonomisch durchdacht Freiraum f\u00fcr komfortable Bedienung. Die angenehm flache und an den Ecken leicht verrundete Wandrosette, erm\u00f6glicht einen extravaganten \u00dcbergang zur Wand. <\/p>\n","protected":false},"featured_media":5755,"template":"","meta":[],"product_cat":[1498,735,1370,1500,1502],"product_tag":[1504,134,1376,1506,1508],"lang":"de","translations":{"de":13348,"en":14312},"pll_sync_post":[],"_links":{"self":[{"href":"https:\/\/2023shop.heinrichschulte.de\/index.php?rest_route=\/wp\/v2\/product\/13348"}],"collection":[{"href":"https:\/\/2023shop.heinrichschulte.de\/index.php?rest_route=\/wp\/v2\/product"}],"about":[{"href":"https:\/\/2023shop.heinrichschulte.de\/index.php?rest_route=\/wp\/v2\/types\/product"}],"version-history":[{"count":1,"href":"https:\/\/2023shop.heinrichschulte.de\/index.php?rest_route=\/wp\/v2\/product\/13348\/revisions"}],"predecessor-version":[{"id":13349,"href":"https:\/\/2023shop.heinrichschulte.de\/index.php?rest_route=\/wp\/v2\/product\/13348\/revisions\/13349"}],"wp:featuredmedia":[{"embeddable":true,"href":"https:\/\/2023shop.heinrichschulte.de\/index.php?rest_route=\/wp\/v2\/media\/5755"}],"wp:attachment":[{"href":"https:\/\/2023shop.heinrichschulte.de\/index.php?rest_route=%2Fwp%2Fv2%2Fmedia&parent=13348"}],"wp:term":[{"taxonomy":"product_cat","embeddable":true,"href":"https:\/\/2023shop.heinrichschulte.de\/index.php?rest_route=%2Fwp%2Fv2%2Fproduct_cat&post=13348"},{"taxonomy":"product_tag","embeddable":true,"href":"https:\/\/2023shop.heinrichschulte.de\/index.php?rest_route=%2Fwp%2Fv2%2Fproduct_tag&post=13348"}],"curies":[{"name":"wp","href":"https:\/\/api.w.org\/{rel}","templated":true}]}}