{"id":13378,"date":"2023-12-04T11:23:22","date_gmt":"2023-12-04T11:23:22","guid":{"rendered":"https:\/\/2023shop.heinrichschulte.de\/?product=alpha_400-fertigbauset-2-3-wege-umsteller-2"},"modified":"2023-12-04T11:23:22","modified_gmt":"2023-12-04T11:23:22","slug":"alpha_400-fertigbauset-2-3-wege-umsteller-2","status":"publish","type":"product","link":"https:\/\/2023shop.heinrichschulte.de\/?product=alpha_400-fertigbauset-2-3-wege-umsteller-2","title":{"rendered":"alpha_400 Fertigbauset 2\/3 Wege-Umsteller"},"content":{"rendered":"","protected":false},"excerpt":{"rendered":"<p>Durch den imponierenden Griff und dessen in Grundstellung oben liegenden markanten Abflachung, wird die Wasserf\u00fchrung f\u00fcr drei unterschiedliche Entnahemrichtungen geregelt. Mit aufw\u00e4ndig aufgebrachtem hochwertigem Chrom werden die formal bedeutungsvollen Oberfl\u00e4chen wirkungsvoll in Szene gesetzt. Die quadratische, an den Ecken leicht verrundete Wandrosette, bildet einen sehr sch\u00f6n abgestimmten \u00dcbergang zur Wand. <\/p>\n","protected":false},"featured_media":6166,"template":"","meta":[],"product_cat":[1342,1370,1614,1616,1410],"product_tag":[73,1376,1618,1620,1418],"lang":"de","translations":{"de":13378,"en":14342},"pll_sync_post":[],"_links":{"self":[{"href":"https:\/\/2023shop.heinrichschulte.de\/index.php?rest_route=\/wp\/v2\/product\/13378"}],"collection":[{"href":"https:\/\/2023shop.heinrichschulte.de\/index.php?rest_route=\/wp\/v2\/product"}],"about":[{"href":"https:\/\/2023shop.heinrichschulte.de\/index.php?rest_route=\/wp\/v2\/types\/product"}],"version-history":[{"count":1,"href":"https:\/\/2023shop.heinrichschulte.de\/index.php?rest_route=\/wp\/v2\/product\/13378\/revisions"}],"predecessor-version":[{"id":13379,"href":"https:\/\/2023shop.heinrichschulte.de\/index.php?rest_route=\/wp\/v2\/product\/13378\/revisions\/13379"}],"wp:featuredmedia":[{"embeddable":true,"href":"https:\/\/2023shop.heinrichschulte.de\/index.php?rest_route=\/wp\/v2\/media\/6166"}],"wp:attachment":[{"href":"https:\/\/2023shop.heinrichschulte.de\/index.php?rest_route=%2Fwp%2Fv2%2Fmedia&parent=13378"}],"wp:term":[{"taxonomy":"product_cat","embeddable":true,"href":"https:\/\/2023shop.heinrichschulte.de\/index.php?rest_route=%2Fwp%2Fv2%2Fproduct_cat&post=13378"},{"taxonomy":"product_tag","embeddable":true,"href":"https:\/\/2023shop.heinrichschulte.de\/index.php?rest_route=%2Fwp%2Fv2%2Fproduct_tag&post=13378"}],"curies":[{"name":"wp","href":"https:\/\/api.w.org\/{rel}","templated":true}]}}