{"id":13386,"date":"2023-12-04T11:23:24","date_gmt":"2023-12-04T11:23:24","guid":{"rendered":"https:\/\/2023shop.heinrichschulte.de\/?product=malta-kuechenarmatur-niederdruck-210"},"modified":"2023-12-04T11:23:24","modified_gmt":"2023-12-04T11:23:24","slug":"malta-kuechenarmatur-niederdruck-210","status":"publish","type":"product","link":"https:\/\/2023shop.heinrichschulte.de\/?product=malta-kuechenarmatur-niederdruck-210","title":{"rendered":"malta K\u00fcchenarmatur Niederdruck 210"},"content":{"rendered":"","protected":false},"excerpt":{"rendered":"<p>Mit einer zylindrischen Variante der Auslaufgeometrie wird bei dieser Armatur eine eigenst\u00e4ndige Erscheinungsform geschaffen, die sich angenehm in den Sp\u00fclenbereich einf\u00fcgt. Mit aufw\u00e4ndig aufgebrachtem hochwertigem Chrom werden die formal bedeutungsvollen Oberfl\u00e4chen wirkungsvoll in Szene gesetzt. Zur\u00fcckhaltend in seiner Erscheinungsform und mit flie\u00dfenden formalen \u00dcberg\u00e4ngen liegt der Hebel angenehm und sicher in der Hand. Mit einem speziellen Strahlregler f\u00fcr Niederdruckarmaturen werden die Bedingungen f\u00fcr Hei\u00dfwasserger\u00e4te erf\u00fcllt. Der schwenkbare Auslauf erm\u00f6glicht komfortables und zielgerichtetes Arbeiten. <\/p>\n","protected":false},"featured_media":6064,"template":"","meta":[],"product_cat":[1330,1334,1656,1654],"product_tag":[71,75,1660,1658],"lang":"de","translations":{"de":13386,"en":14350},"pll_sync_post":[],"_links":{"self":[{"href":"https:\/\/2023shop.heinrichschulte.de\/index.php?rest_route=\/wp\/v2\/product\/13386"}],"collection":[{"href":"https:\/\/2023shop.heinrichschulte.de\/index.php?rest_route=\/wp\/v2\/product"}],"about":[{"href":"https:\/\/2023shop.heinrichschulte.de\/index.php?rest_route=\/wp\/v2\/types\/product"}],"version-history":[{"count":1,"href":"https:\/\/2023shop.heinrichschulte.de\/index.php?rest_route=\/wp\/v2\/product\/13386\/revisions"}],"predecessor-version":[{"id":13387,"href":"https:\/\/2023shop.heinrichschulte.de\/index.php?rest_route=\/wp\/v2\/product\/13386\/revisions\/13387"}],"wp:featuredmedia":[{"embeddable":true,"href":"https:\/\/2023shop.heinrichschulte.de\/index.php?rest_route=\/wp\/v2\/media\/6064"}],"wp:attachment":[{"href":"https:\/\/2023shop.heinrichschulte.de\/index.php?rest_route=%2Fwp%2Fv2%2Fmedia&parent=13386"}],"wp:term":[{"taxonomy":"product_cat","embeddable":true,"href":"https:\/\/2023shop.heinrichschulte.de\/index.php?rest_route=%2Fwp%2Fv2%2Fproduct_cat&post=13386"},{"taxonomy":"product_tag","embeddable":true,"href":"https:\/\/2023shop.heinrichschulte.de\/index.php?rest_route=%2Fwp%2Fv2%2Fproduct_tag&post=13386"}],"curies":[{"name":"wp","href":"https:\/\/api.w.org\/{rel}","templated":true}]}}