{"id":13424,"date":"2023-12-04T11:23:33","date_gmt":"2023-12-04T11:23:33","guid":{"rendered":"https:\/\/2023shop.heinrichschulte.de\/?product=alpha_300-fertigbauset-waschtischwand-fuer-tec-box_wt"},"modified":"2023-12-04T11:23:34","modified_gmt":"2023-12-04T11:23:34","slug":"alpha_300-fertigbauset-waschtischwand-fuer-tec-box_wt","status":"publish","type":"product","link":"https:\/\/2023shop.heinrichschulte.de\/?product=alpha_300-fertigbauset-waschtischwand-fuer-tec-box_wt","title":{"rendered":"alpha_300 Fertigbauset Waschtischwand f\u00fcr Tec-box_wt"},"content":{"rendered":"","protected":false},"excerpt":{"rendered":"<p>Puristisch und funktionsorientiert l\u00e4sst dieser Wanneneinlauf das Wasser in die Badewanne flie\u00dfen. Die brillante Chromoberfl\u00e4che unterstreicht wirkungsvoll die Sch\u00f6nheit dieser Armatur. Leicht beweglich und ergonomisch sensibel abgestimmt, schlie\u00dft der im \u00dcbergang markant gestaltete Hebel die Armatur formvollendet ab. Seine vertikale Ausrichtung schafft angenehme Bewegungsfreiheit. Der mit wirkungsvollem Kalkschutz ausgestattete Strahlregler gew\u00e4hrleistet eine optimal bel\u00fcftete Strahlqualit\u00e4t. Dadurch wird Wasser gespart und Spritzwasser verhindert. Die zu beiden Seiten vollrunde Wandrosette, schafft f\u00fcr jede Art der Wandgestaltung einen gestalterisch harmonischen \u00dcbergang. <\/p>\n","protected":false},"featured_media":5938,"template":"","meta":[],"product_cat":[1566,735,1370,1266,1568],"product_tag":[1570,134,1376,1278,1572],"lang":"de","translations":{"de":13424,"en":14388},"pll_sync_post":[],"_links":{"self":[{"href":"https:\/\/2023shop.heinrichschulte.de\/index.php?rest_route=\/wp\/v2\/product\/13424"}],"collection":[{"href":"https:\/\/2023shop.heinrichschulte.de\/index.php?rest_route=\/wp\/v2\/product"}],"about":[{"href":"https:\/\/2023shop.heinrichschulte.de\/index.php?rest_route=\/wp\/v2\/types\/product"}],"version-history":[{"count":1,"href":"https:\/\/2023shop.heinrichschulte.de\/index.php?rest_route=\/wp\/v2\/product\/13424\/revisions"}],"predecessor-version":[{"id":13425,"href":"https:\/\/2023shop.heinrichschulte.de\/index.php?rest_route=\/wp\/v2\/product\/13424\/revisions\/13425"}],"wp:featuredmedia":[{"embeddable":true,"href":"https:\/\/2023shop.heinrichschulte.de\/index.php?rest_route=\/wp\/v2\/media\/5938"}],"wp:attachment":[{"href":"https:\/\/2023shop.heinrichschulte.de\/index.php?rest_route=%2Fwp%2Fv2%2Fmedia&parent=13424"}],"wp:term":[{"taxonomy":"product_cat","embeddable":true,"href":"https:\/\/2023shop.heinrichschulte.de\/index.php?rest_route=%2Fwp%2Fv2%2Fproduct_cat&post=13424"},{"taxonomy":"product_tag","embeddable":true,"href":"https:\/\/2023shop.heinrichschulte.de\/index.php?rest_route=%2Fwp%2Fv2%2Fproduct_tag&post=13424"}],"curies":[{"name":"wp","href":"https:\/\/api.w.org\/{rel}","templated":true}]}}