{"id":13430,"date":"2023-12-04T11:23:35","date_gmt":"2023-12-04T11:23:35","guid":{"rendered":"https:\/\/2023shop.heinrichschulte.de\/?product=alpha_350-fertigbauset-wannenarmatur-fuer-tec-box"},"modified":"2023-12-04T11:23:35","modified_gmt":"2023-12-04T11:23:35","slug":"alpha_350-fertigbauset-wannenarmatur-fuer-tec-box","status":"publish","type":"product","link":"https:\/\/2023shop.heinrichschulte.de\/?product=alpha_350-fertigbauset-wannenarmatur-fuer-tec-box","title":{"rendered":"alpha_350 Fertigbauset Wannenarmatur f\u00fcr Tec-box"},"content":{"rendered":"","protected":false},"excerpt":{"rendered":"<p>Elegant auf kreisf\u00f6rmige Elemente aufgebaut, ist diese Armatur mit den Gestaltungselementen im Badezimmer kompatibel. Die brillante Chromoberfl\u00e4che unterstreicht wirkungsvoll die Sch\u00f6nheit dieser Armatur. Leicht beweglich und ergonomisch sensibel abgestimmt, schlie\u00dft der im \u00dcbergang markant gestaltete Hebel die Armatur formvollendet ab. Seine vertikale Ausrichtung schafft angenehme Bewegungsfreiheit. Angenehm leichtg\u00e4ngig und in jeder Hebelposition bequem zu erreichen, ist der individuell gestaltete Umsteller einfach und sicher zu bedienen. Kreisrund geformt, bietet die Wandrosette einen klassischen \u00dcbergang zur Wand und harmonisiert sehr gut mit unterschiedlichsten Wandgestaltungen. <\/p>\n","protected":false},"featured_media":5805,"template":"","meta":[],"product_cat":[1332,735,1370,1534,1682],"product_tag":[1338,134,1376,1538,1684],"lang":"de","translations":{"de":13430,"en":14394},"pll_sync_post":[],"_links":{"self":[{"href":"https:\/\/2023shop.heinrichschulte.de\/index.php?rest_route=\/wp\/v2\/product\/13430"}],"collection":[{"href":"https:\/\/2023shop.heinrichschulte.de\/index.php?rest_route=\/wp\/v2\/product"}],"about":[{"href":"https:\/\/2023shop.heinrichschulte.de\/index.php?rest_route=\/wp\/v2\/types\/product"}],"version-history":[{"count":1,"href":"https:\/\/2023shop.heinrichschulte.de\/index.php?rest_route=\/wp\/v2\/product\/13430\/revisions"}],"predecessor-version":[{"id":13431,"href":"https:\/\/2023shop.heinrichschulte.de\/index.php?rest_route=\/wp\/v2\/product\/13430\/revisions\/13431"}],"wp:featuredmedia":[{"embeddable":true,"href":"https:\/\/2023shop.heinrichschulte.de\/index.php?rest_route=\/wp\/v2\/media\/5805"}],"wp:attachment":[{"href":"https:\/\/2023shop.heinrichschulte.de\/index.php?rest_route=%2Fwp%2Fv2%2Fmedia&parent=13430"}],"wp:term":[{"taxonomy":"product_cat","embeddable":true,"href":"https:\/\/2023shop.heinrichschulte.de\/index.php?rest_route=%2Fwp%2Fv2%2Fproduct_cat&post=13430"},{"taxonomy":"product_tag","embeddable":true,"href":"https:\/\/2023shop.heinrichschulte.de\/index.php?rest_route=%2Fwp%2Fv2%2Fproduct_tag&post=13430"}],"curies":[{"name":"wp","href":"https:\/\/api.w.org\/{rel}","templated":true}]}}