{"id":13436,"date":"2023-12-04T11:23:36","date_gmt":"2023-12-04T11:23:36","guid":{"rendered":"https:\/\/2023shop.heinrichschulte.de\/?product=alpha_400-brausethermostat-ohne-brausegarnitur-2"},"modified":"2023-12-04T11:23:37","modified_gmt":"2023-12-04T11:23:37","slug":"alpha_400-brausethermostat-ohne-brausegarnitur-2","status":"publish","type":"product","link":"https:\/\/2023shop.heinrichschulte.de\/?product=alpha_400-brausethermostat-ohne-brausegarnitur-2","title":{"rendered":"alpha_400 Brausethermostat ohne Brausegarnitur"},"content":{"rendered":"","protected":false},"excerpt":{"rendered":"<p>In einer eleganten \u00dcberw\u00f6lbung tr\u00e4gt der Armaturenk\u00f6rper die seitlich montierten Bedienelemente. Mit aufw\u00e4ndig aufgebrachtem hochwertigem Chrom werden die formal bedeutungsvollen Oberfl\u00e4chen wirkungsvoll in Szene gesetzt. Wie eine \u00fcbergangslose Verl\u00e4ngerung des Grundk\u00f6rpers sind Mengeneinsteller und Temperaturregler links und rechts positioniert. Die Abflachung im oberen Bereich der Griffe erm\u00f6glicht sicheres Greifen und signalisiert die 0-Position. Leicht der Wand anpassbare Schubrosetten umschlie\u00dfen elegant die Zuleitungen und verleihen der Armatur auch im Anschlussbereich eine sehr hochwertige Erscheinung. <\/p>\n","protected":false},"featured_media":6211,"template":"","meta":[],"product_cat":[1342,1370,1642,1698,865],"product_tag":[73,1376,1646,1700,873],"lang":"de","translations":{"de":13436,"en":14400},"pll_sync_post":[],"_links":{"self":[{"href":"https:\/\/2023shop.heinrichschulte.de\/index.php?rest_route=\/wp\/v2\/product\/13436"}],"collection":[{"href":"https:\/\/2023shop.heinrichschulte.de\/index.php?rest_route=\/wp\/v2\/product"}],"about":[{"href":"https:\/\/2023shop.heinrichschulte.de\/index.php?rest_route=\/wp\/v2\/types\/product"}],"version-history":[{"count":1,"href":"https:\/\/2023shop.heinrichschulte.de\/index.php?rest_route=\/wp\/v2\/product\/13436\/revisions"}],"predecessor-version":[{"id":13437,"href":"https:\/\/2023shop.heinrichschulte.de\/index.php?rest_route=\/wp\/v2\/product\/13436\/revisions\/13437"}],"wp:featuredmedia":[{"embeddable":true,"href":"https:\/\/2023shop.heinrichschulte.de\/index.php?rest_route=\/wp\/v2\/media\/6211"}],"wp:attachment":[{"href":"https:\/\/2023shop.heinrichschulte.de\/index.php?rest_route=%2Fwp%2Fv2%2Fmedia&parent=13436"}],"wp:term":[{"taxonomy":"product_cat","embeddable":true,"href":"https:\/\/2023shop.heinrichschulte.de\/index.php?rest_route=%2Fwp%2Fv2%2Fproduct_cat&post=13436"},{"taxonomy":"product_tag","embeddable":true,"href":"https:\/\/2023shop.heinrichschulte.de\/index.php?rest_route=%2Fwp%2Fv2%2Fproduct_tag&post=13436"}],"curies":[{"name":"wp","href":"https:\/\/api.w.org\/{rel}","templated":true}]}}