{"id":13442,"date":"2023-12-04T11:23:38","date_gmt":"2023-12-04T11:23:38","guid":{"rendered":"https:\/\/2023shop.heinrichschulte.de\/?product=alpha-line_500-fertigbauset-brausearmatur-fuer-tec-box_wt"},"modified":"2023-12-04T11:23:38","modified_gmt":"2023-12-04T11:23:38","slug":"alpha-line_500-fertigbauset-brausearmatur-fuer-tec-box_wt","status":"publish","type":"product","link":"https:\/\/2023shop.heinrichschulte.de\/?product=alpha-line_500-fertigbauset-brausearmatur-fuer-tec-box_wt","title":{"rendered":"alpha-line_500 Fertigbauset Brausearmatur  f\u00fcr Tec-box_wt"},"content":{"rendered":"","protected":false},"excerpt":{"rendered":"<p>Puristisch auf die Funktion ausgerichtet, ist diese Armatur ein platzsparendes und gut bedienbares Element im Duschbereich. Die brillante Oberfl\u00e4che aus hochwertigem Chrom unterstreicht die hohe Qualit\u00e4t und Einzigartigkeit dieser Armatur. Aus einer zylindrischen Grundform hervorgehend bietet der gro\u00dffl\u00e4chige Hebel sehr gute ergonomische Voraussetzungen f\u00fcr komfortable Bedienung. Die angenehm flache und an den Ecken leicht verrundete Wandrosette, erm\u00f6glicht einen extravaganten \u00dcbergang zur Wand. <\/p>\n","protected":false},"featured_media":5892,"template":"","meta":[],"product_cat":[1734,735,1370,1500,1736],"product_tag":[1738,134,1376,1506,1740],"lang":"de","translations":{"de":13442,"en":14406},"pll_sync_post":[],"_links":{"self":[{"href":"https:\/\/2023shop.heinrichschulte.de\/index.php?rest_route=\/wp\/v2\/product\/13442"}],"collection":[{"href":"https:\/\/2023shop.heinrichschulte.de\/index.php?rest_route=\/wp\/v2\/product"}],"about":[{"href":"https:\/\/2023shop.heinrichschulte.de\/index.php?rest_route=\/wp\/v2\/types\/product"}],"version-history":[{"count":1,"href":"https:\/\/2023shop.heinrichschulte.de\/index.php?rest_route=\/wp\/v2\/product\/13442\/revisions"}],"predecessor-version":[{"id":13443,"href":"https:\/\/2023shop.heinrichschulte.de\/index.php?rest_route=\/wp\/v2\/product\/13442\/revisions\/13443"}],"wp:featuredmedia":[{"embeddable":true,"href":"https:\/\/2023shop.heinrichschulte.de\/index.php?rest_route=\/wp\/v2\/media\/5892"}],"wp:attachment":[{"href":"https:\/\/2023shop.heinrichschulte.de\/index.php?rest_route=%2Fwp%2Fv2%2Fmedia&parent=13442"}],"wp:term":[{"taxonomy":"product_cat","embeddable":true,"href":"https:\/\/2023shop.heinrichschulte.de\/index.php?rest_route=%2Fwp%2Fv2%2Fproduct_cat&post=13442"},{"taxonomy":"product_tag","embeddable":true,"href":"https:\/\/2023shop.heinrichschulte.de\/index.php?rest_route=%2Fwp%2Fv2%2Fproduct_tag&post=13442"}],"curies":[{"name":"wp","href":"https:\/\/api.w.org\/{rel}","templated":true}]}}