{"id":13444,"date":"2023-12-04T11:23:39","date_gmt":"2023-12-04T11:23:39","guid":{"rendered":"https:\/\/2023shop.heinrichschulte.de\/?product=alpha_300-kuechenarmatur-mit-geraeteanschluss"},"modified":"2023-12-04T11:23:39","modified_gmt":"2023-12-04T11:23:39","slug":"alpha_300-kuechenarmatur-mit-geraeteanschluss","status":"publish","type":"product","link":"https:\/\/2023shop.heinrichschulte.de\/?product=alpha_300-kuechenarmatur-mit-geraeteanschluss","title":{"rendered":"alpha_300 K\u00fcchenarmatur mit Ger\u00e4teanschluss"},"content":{"rendered":"","protected":false},"excerpt":{"rendered":"<p>Im breit gef\u00e4cherten Bereich der klassischen bis modernen K\u00fcchengestaltung findet sich diese ergonomisch ausgereifte Armatur eindrucksvoll ein. Schwungvoll f\u00fchrt der elegante Auslauf das Wasser in die H\u00f6he. Die brillante Chromoberfl\u00e4che unterstreicht wirkungsvoll die Sch\u00f6nheit dieser Armatur. Leicht beweglich und ergonomisch sensibel abgestimmt, schlie\u00dft der im \u00dcbergang markant gestaltete Hebel die Armatur formvollendet ab. Der eingesetzte Spezialstrahlregler hilft Wasser zu sparen und sch\u00fctzt die Armatur durch seine eigens daf\u00fcr entwickelte Silikon-Lippe vor Kalkablagerungen. Der schwenkbare Auslauf erm\u00f6glicht komfortables und zielgerichtetes Arbeiten. Diese Armatur ist mit einem Anschluss f\u00fcr externe Ger\u00e4te ausgestattet und erm\u00f6glicht beispielweise sehr komfortabel den Wasserzulauf f\u00fcr die Sp\u00fclmaschine zu \u00f6ffnen und zu schlie\u00dfen. <\/p>\n","protected":false},"featured_media":6009,"template":"","meta":[],"product_cat":[1566,1330,1334,1742],"product_tag":[1570,71,75,1744],"lang":"de","translations":{"de":13444,"en":14408},"pll_sync_post":[],"_links":{"self":[{"href":"https:\/\/2023shop.heinrichschulte.de\/index.php?rest_route=\/wp\/v2\/product\/13444"}],"collection":[{"href":"https:\/\/2023shop.heinrichschulte.de\/index.php?rest_route=\/wp\/v2\/product"}],"about":[{"href":"https:\/\/2023shop.heinrichschulte.de\/index.php?rest_route=\/wp\/v2\/types\/product"}],"version-history":[{"count":1,"href":"https:\/\/2023shop.heinrichschulte.de\/index.php?rest_route=\/wp\/v2\/product\/13444\/revisions"}],"predecessor-version":[{"id":13445,"href":"https:\/\/2023shop.heinrichschulte.de\/index.php?rest_route=\/wp\/v2\/product\/13444\/revisions\/13445"}],"wp:featuredmedia":[{"embeddable":true,"href":"https:\/\/2023shop.heinrichschulte.de\/index.php?rest_route=\/wp\/v2\/media\/6009"}],"wp:attachment":[{"href":"https:\/\/2023shop.heinrichschulte.de\/index.php?rest_route=%2Fwp%2Fv2%2Fmedia&parent=13444"}],"wp:term":[{"taxonomy":"product_cat","embeddable":true,"href":"https:\/\/2023shop.heinrichschulte.de\/index.php?rest_route=%2Fwp%2Fv2%2Fproduct_cat&post=13444"},{"taxonomy":"product_tag","embeddable":true,"href":"https:\/\/2023shop.heinrichschulte.de\/index.php?rest_route=%2Fwp%2Fv2%2Fproduct_tag&post=13444"}],"curies":[{"name":"wp","href":"https:\/\/api.w.org\/{rel}","templated":true}]}}