{"id":13450,"date":"2023-12-04T11:23:40","date_gmt":"2023-12-04T11:23:40","guid":{"rendered":"https:\/\/2023shop.heinrichschulte.de\/?product=alpha_400-waschtischarmatur-hoch-mit-druckknopf-ablaufgarnitur-2"},"modified":"2023-12-04T11:23:40","modified_gmt":"2023-12-04T11:23:40","slug":"alpha_400-waschtischarmatur-hoch-mit-druckknopf-ablaufgarnitur-2","status":"publish","type":"product","link":"https:\/\/2023shop.heinrichschulte.de\/?product=alpha_400-waschtischarmatur-hoch-mit-druckknopf-ablaufgarnitur-2","title":{"rendered":"alpha_400 Waschtischarmatur hoch mit Druckknopf-Ablaufgarnitur"},"content":{"rendered":"","protected":false},"excerpt":{"rendered":"<p>Architektonische Linienf\u00fchrung und pr\u00e4zise definierte Fl\u00e4chenf\u00fchrung geben der alpha_400 ihre auffallende Strahlkraft und kraftvolle Pr\u00e4senz. Mit aufw\u00e4ndig aufgebrachtem hochwertigem Chrom werden die formal bedeutungsvollen Oberfl\u00e4chen wirkungsvoll in Szene gesetzt. Der selbstbewusste und elegante Hebel ist pr\u00e4zise austariert und erlaubt ergonomisch sensibel abgestimmt die komfortable Steuerung der Armatur. \u00dcber den eingebauten beweglichen Strahlregler l\u00e4sst sich der weiche Wasserstrahl individuell den Bed\u00fcrfnissen angepasst sehr komfortabel in alle Richtungen lenken. Durch einen Druck auf die Verschlusskappe, l\u00e4sst sich die Ablaufgarnitur bequem direkt \u00f6ffnen und schlie\u00dfen. Mit der Erh\u00f6hung des Armaturenk\u00f6rpers ist diese Armatur f\u00fcr den Einsatz mit modernen Aufsatzwaschbecken ausgerichtet. Die erweiterte Bauh\u00f6he unterstreicht nochmals die Eleganz ihrer Erscheinung. \u00dcber eine spezielle Schaftverschraubung wird diese Armatur sehr stabil montiert. <\/p>\n","protected":false},"featured_media":6142,"template":"","meta":[],"product_cat":[1342,735,1370,1266,1754],"product_tag":[73,134,1376,1278,1756],"lang":"de","translations":{"de":13450,"en":14414},"pll_sync_post":[],"_links":{"self":[{"href":"https:\/\/2023shop.heinrichschulte.de\/index.php?rest_route=\/wp\/v2\/product\/13450"}],"collection":[{"href":"https:\/\/2023shop.heinrichschulte.de\/index.php?rest_route=\/wp\/v2\/product"}],"about":[{"href":"https:\/\/2023shop.heinrichschulte.de\/index.php?rest_route=\/wp\/v2\/types\/product"}],"version-history":[{"count":1,"href":"https:\/\/2023shop.heinrichschulte.de\/index.php?rest_route=\/wp\/v2\/product\/13450\/revisions"}],"predecessor-version":[{"id":13451,"href":"https:\/\/2023shop.heinrichschulte.de\/index.php?rest_route=\/wp\/v2\/product\/13450\/revisions\/13451"}],"wp:featuredmedia":[{"embeddable":true,"href":"https:\/\/2023shop.heinrichschulte.de\/index.php?rest_route=\/wp\/v2\/media\/6142"}],"wp:attachment":[{"href":"https:\/\/2023shop.heinrichschulte.de\/index.php?rest_route=%2Fwp%2Fv2%2Fmedia&parent=13450"}],"wp:term":[{"taxonomy":"product_cat","embeddable":true,"href":"https:\/\/2023shop.heinrichschulte.de\/index.php?rest_route=%2Fwp%2Fv2%2Fproduct_cat&post=13450"},{"taxonomy":"product_tag","embeddable":true,"href":"https:\/\/2023shop.heinrichschulte.de\/index.php?rest_route=%2Fwp%2Fv2%2Fproduct_tag&post=13450"}],"curies":[{"name":"wp","href":"https:\/\/api.w.org\/{rel}","templated":true}]}}