{"id":13452,"date":"2023-12-04T11:23:40","date_gmt":"2023-12-04T11:23:40","guid":{"rendered":"https:\/\/2023shop.heinrichschulte.de\/?product=ascona_1-fertigbauset-brausethermostat-fuer-tec-box-2"},"modified":"2023-12-04T11:23:41","modified_gmt":"2023-12-04T11:23:41","slug":"ascona_1-fertigbauset-brausethermostat-fuer-tec-box-2","status":"publish","type":"product","link":"https:\/\/2023shop.heinrichschulte.de\/?product=ascona_1-fertigbauset-brausethermostat-fuer-tec-box-2","title":{"rendered":"ascona_1 Fertigbauset Brausethermostat f\u00fcr Tec-box"},"content":{"rendered":"","protected":false},"excerpt":{"rendered":"<p>Diese Thermostatarmatur bietet ein H\u00f6chstma\u00df an Komfort. In einem zweigeteilten zylindrischen Element sind Mengenregler und Thermostatsteuerung untergebracht. Kleine ebenfalls zylinderf\u00f6rmige Indikatoren visualisieren die gew\u00e4hlte Einstellung und schaffen eine rutschsichere Bedienung auch mit nassen H\u00e4nden. Die brillante Chromoberfl\u00e4che unterstreicht wirkungsvoll die Sch\u00f6nheit dieser Armatur. Kreisrund geformt, bietet die Wandrosette einen klassischen \u00dcbergang zur Wand und harmonisiert sehr gut mit unterschiedlichsten Wandgestaltungen. <\/p>\n","protected":false},"featured_media":5506,"template":"","meta":[],"product_cat":[1590,1370,1642,1644,865],"product_tag":[1594,1376,1646,1648,873],"lang":"de","translations":{"de":13452,"en":14416},"pll_sync_post":[],"_links":{"self":[{"href":"https:\/\/2023shop.heinrichschulte.de\/index.php?rest_route=\/wp\/v2\/product\/13452"}],"collection":[{"href":"https:\/\/2023shop.heinrichschulte.de\/index.php?rest_route=\/wp\/v2\/product"}],"about":[{"href":"https:\/\/2023shop.heinrichschulte.de\/index.php?rest_route=\/wp\/v2\/types\/product"}],"version-history":[{"count":1,"href":"https:\/\/2023shop.heinrichschulte.de\/index.php?rest_route=\/wp\/v2\/product\/13452\/revisions"}],"predecessor-version":[{"id":13453,"href":"https:\/\/2023shop.heinrichschulte.de\/index.php?rest_route=\/wp\/v2\/product\/13452\/revisions\/13453"}],"wp:featuredmedia":[{"embeddable":true,"href":"https:\/\/2023shop.heinrichschulte.de\/index.php?rest_route=\/wp\/v2\/media\/5506"}],"wp:attachment":[{"href":"https:\/\/2023shop.heinrichschulte.de\/index.php?rest_route=%2Fwp%2Fv2%2Fmedia&parent=13452"}],"wp:term":[{"taxonomy":"product_cat","embeddable":true,"href":"https:\/\/2023shop.heinrichschulte.de\/index.php?rest_route=%2Fwp%2Fv2%2Fproduct_cat&post=13452"},{"taxonomy":"product_tag","embeddable":true,"href":"https:\/\/2023shop.heinrichschulte.de\/index.php?rest_route=%2Fwp%2Fv2%2Fproduct_tag&post=13452"}],"curies":[{"name":"wp","href":"https:\/\/api.w.org\/{rel}","templated":true}]}}