{"id":13458,"date":"2023-12-04T11:23:42","date_gmt":"2023-12-04T11:23:42","guid":{"rendered":"https:\/\/2023shop.heinrichschulte.de\/?product=alpha_400-wannenrandarmatur-ohne-wannenrandelement"},"modified":"2023-12-04T11:23:42","modified_gmt":"2023-12-04T11:23:42","slug":"alpha_400-wannenrandarmatur-ohne-wannenrandelement","status":"publish","type":"product","link":"https:\/\/2023shop.heinrichschulte.de\/?product=alpha_400-wannenrandarmatur-ohne-wannenrandelement","title":{"rendered":"alpha_400 Wannenrandarmatur ohne Wannenrandelement"},"content":{"rendered":"","protected":false},"excerpt":{"rendered":"<p>F\u00fcr ganz besondere Exklusivit\u00e4t l\u00e4sst sich diese dreiteilige Wannenrandarmatur im Wannenk\u00f6rper integrieren. Armatur, Bedienelement und Handbrause bilden eine harmonische Einheit, in der der Schlauch zur Handbrause in der Ruheposition elegant im Wannenk\u00f6rper verborgen bleibt. Die Schr\u00e4gstellung der Handbrause unterst\u00fctzt die sehr bequeme Entnahme. Mit aufw\u00e4ndig aufgebrachtem hochwertigem Chrom werden die formal bedeutungsvollen Oberfl\u00e4chen wirkungsvoll in Szene gesetzt. Der selbstbewusste und elegante Hebel ist pr\u00e4zise austariert und erlaubt ergonomisch sensibel abgestimmt die komfortable Steuerung der Armatur. Zur optimalen Positionierung des Wasserstrahls kann der f\u00fcr gro\u00dfe Durchflussmengen konzipierte bewegliche Strahlregler in alle Richtungen geschwenkt werden. Angenehm leichtg\u00e4ngig und bequem zu erreichen, ist der formal perfekt eingegliederte Umsteller einfach und sicher zu bedienen. <\/p>\n","protected":false},"featured_media":6177,"template":"","meta":[],"product_cat":[1342,735,1370,1534,1762],"product_tag":[73,134,1376,1538,1764],"lang":"de","translations":{"de":13458,"en":14422},"pll_sync_post":[],"_links":{"self":[{"href":"https:\/\/2023shop.heinrichschulte.de\/index.php?rest_route=\/wp\/v2\/product\/13458"}],"collection":[{"href":"https:\/\/2023shop.heinrichschulte.de\/index.php?rest_route=\/wp\/v2\/product"}],"about":[{"href":"https:\/\/2023shop.heinrichschulte.de\/index.php?rest_route=\/wp\/v2\/types\/product"}],"version-history":[{"count":1,"href":"https:\/\/2023shop.heinrichschulte.de\/index.php?rest_route=\/wp\/v2\/product\/13458\/revisions"}],"predecessor-version":[{"id":13459,"href":"https:\/\/2023shop.heinrichschulte.de\/index.php?rest_route=\/wp\/v2\/product\/13458\/revisions\/13459"}],"wp:featuredmedia":[{"embeddable":true,"href":"https:\/\/2023shop.heinrichschulte.de\/index.php?rest_route=\/wp\/v2\/media\/6177"}],"wp:attachment":[{"href":"https:\/\/2023shop.heinrichschulte.de\/index.php?rest_route=%2Fwp%2Fv2%2Fmedia&parent=13458"}],"wp:term":[{"taxonomy":"product_cat","embeddable":true,"href":"https:\/\/2023shop.heinrichschulte.de\/index.php?rest_route=%2Fwp%2Fv2%2Fproduct_cat&post=13458"},{"taxonomy":"product_tag","embeddable":true,"href":"https:\/\/2023shop.heinrichschulte.de\/index.php?rest_route=%2Fwp%2Fv2%2Fproduct_tag&post=13458"}],"curies":[{"name":"wp","href":"https:\/\/api.w.org\/{rel}","templated":true}]}}