{"id":13474,"date":"2023-12-04T11:23:45","date_gmt":"2023-12-04T11:23:45","guid":{"rendered":"https:\/\/2023shop.heinrichschulte.de\/?product=vivana-kuechenarmatur-fuer-unterfenstermontage"},"modified":"2023-12-04T11:23:45","modified_gmt":"2023-12-04T11:23:45","slug":"vivana-kuechenarmatur-fuer-unterfenstermontage","status":"publish","type":"product","link":"https:\/\/2023shop.heinrichschulte.de\/?product=vivana-kuechenarmatur-fuer-unterfenstermontage","title":{"rendered":"vivana K\u00fcchenarmatur f\u00fcr Unterfenstermontage"},"content":{"rendered":"","protected":false},"excerpt":{"rendered":"<p>In einem auf das Minimum reduzierten Gesamtvolumen, beherbergt der Armaturenk\u00f6rper die hochwertigen Funktionsmodule mit Anschluss zur seitlichen Steuerung. Die brillante Chromoberfl\u00e4che unterstreicht wirkungsvoll die Sch\u00f6nheit dieser Armatur. Der zylindrigf\u00f6rmige Griff des Hebels ist \u00e4sthetisch dezent von der Basis abgesetzt und l\u00e4sst sich gef\u00fchlvoll und sicher bedienen. Der mit wirkungsvollem Kalkschutz ausgestattete Spezialstrahlregler gew\u00e4hrleistet eine optimal bel\u00fcftete Strahlqualit\u00e4t. Dadurch wird Wasser gespart und Spritzwasser verhindert. Der schwenkbare Auslauf erm\u00f6glicht komfortables und zielgerichtetes Arbeiten. Unter einem Fenster auf der Sp\u00fcle montiert, kann die Armatur zum \u00d6ffnen des Fensters sicher und bequem abgenommen werden. \u00dcber eine spezielle Schaftverschraubung wird diese hohe Armatur sehr stabil mit der Sp\u00fcle verbunden. <\/p>\n","protected":false},"featured_media":6032,"template":"","meta":[],"product_cat":[1330,1334,1808,1806],"product_tag":[71,75,1812,1810],"lang":"de","translations":{"de":13474,"en":14438},"pll_sync_post":[],"_links":{"self":[{"href":"https:\/\/2023shop.heinrichschulte.de\/index.php?rest_route=\/wp\/v2\/product\/13474"}],"collection":[{"href":"https:\/\/2023shop.heinrichschulte.de\/index.php?rest_route=\/wp\/v2\/product"}],"about":[{"href":"https:\/\/2023shop.heinrichschulte.de\/index.php?rest_route=\/wp\/v2\/types\/product"}],"version-history":[{"count":1,"href":"https:\/\/2023shop.heinrichschulte.de\/index.php?rest_route=\/wp\/v2\/product\/13474\/revisions"}],"predecessor-version":[{"id":13475,"href":"https:\/\/2023shop.heinrichschulte.de\/index.php?rest_route=\/wp\/v2\/product\/13474\/revisions\/13475"}],"wp:featuredmedia":[{"embeddable":true,"href":"https:\/\/2023shop.heinrichschulte.de\/index.php?rest_route=\/wp\/v2\/media\/6032"}],"wp:attachment":[{"href":"https:\/\/2023shop.heinrichschulte.de\/index.php?rest_route=%2Fwp%2Fv2%2Fmedia&parent=13474"}],"wp:term":[{"taxonomy":"product_cat","embeddable":true,"href":"https:\/\/2023shop.heinrichschulte.de\/index.php?rest_route=%2Fwp%2Fv2%2Fproduct_cat&post=13474"},{"taxonomy":"product_tag","embeddable":true,"href":"https:\/\/2023shop.heinrichschulte.de\/index.php?rest_route=%2Fwp%2Fv2%2Fproduct_tag&post=13474"}],"curies":[{"name":"wp","href":"https:\/\/api.w.org\/{rel}","templated":true}]}}