{"id":13508,"date":"2023-12-04T11:23:57","date_gmt":"2023-12-04T11:23:57","guid":{"rendered":"https:\/\/2023shop.heinrichschulte.de\/?product=malta-kuechenarmatur-mit-ausziehauslauf"},"modified":"2023-12-04T11:23:58","modified_gmt":"2023-12-04T11:23:58","slug":"malta-kuechenarmatur-mit-ausziehauslauf","status":"publish","type":"product","link":"https:\/\/2023shop.heinrichschulte.de\/?product=malta-kuechenarmatur-mit-ausziehauslauf","title":{"rendered":"malta K\u00fcchenarmatur mit Ausziehauslauf"},"content":{"rendered":"","protected":false},"excerpt":{"rendered":"<p>Selbstbewusst und kraftvoll f\u00fchrt diese Armatur das Wasser \u00fcber einen leicht nach oben gerichteten Auslauf der Nutzung zu. Die brillante Chromoberfl\u00e4che unterstreicht wirkungsvoll die Sch\u00f6nheit dieser Armatur. Formal konsequent \u00fcbernimmt der Hebel folgerichtig das markante Design in Kombination mit besten Bedienkomfort. Der mit wirkungsvollem Kalkschutz ausgestattete Spezialstrahlregler gew\u00e4hrleistet eine optimal bel\u00fcftete Strahlqualit\u00e4t. Dadurch wird Wasser gespart und Spritzwasser verhindert. Der schwenk- und herausziehbare Auslauf erm\u00f6glicht komfortables und zielgerichtetes Arbeiten. Ein eingebauter R\u00fcckflussverhinderer macht die Wasserf\u00fchrung eigensichen. Schmutzwasser kann nicht ins Trinkwasser zur\u00fcckflie\u00dfen. <\/p>\n","protected":false},"featured_media":6050,"template":"","meta":[],"product_cat":[1330,1334,1656,1654],"product_tag":[71,75,1660,1658],"lang":"de","translations":{"de":13508,"en":14472},"pll_sync_post":[],"_links":{"self":[{"href":"https:\/\/2023shop.heinrichschulte.de\/index.php?rest_route=\/wp\/v2\/product\/13508"}],"collection":[{"href":"https:\/\/2023shop.heinrichschulte.de\/index.php?rest_route=\/wp\/v2\/product"}],"about":[{"href":"https:\/\/2023shop.heinrichschulte.de\/index.php?rest_route=\/wp\/v2\/types\/product"}],"version-history":[{"count":1,"href":"https:\/\/2023shop.heinrichschulte.de\/index.php?rest_route=\/wp\/v2\/product\/13508\/revisions"}],"predecessor-version":[{"id":13509,"href":"https:\/\/2023shop.heinrichschulte.de\/index.php?rest_route=\/wp\/v2\/product\/13508\/revisions\/13509"}],"wp:featuredmedia":[{"embeddable":true,"href":"https:\/\/2023shop.heinrichschulte.de\/index.php?rest_route=\/wp\/v2\/media\/6050"}],"wp:attachment":[{"href":"https:\/\/2023shop.heinrichschulte.de\/index.php?rest_route=%2Fwp%2Fv2%2Fmedia&parent=13508"}],"wp:term":[{"taxonomy":"product_cat","embeddable":true,"href":"https:\/\/2023shop.heinrichschulte.de\/index.php?rest_route=%2Fwp%2Fv2%2Fproduct_cat&post=13508"},{"taxonomy":"product_tag","embeddable":true,"href":"https:\/\/2023shop.heinrichschulte.de\/index.php?rest_route=%2Fwp%2Fv2%2Fproduct_tag&post=13508"}],"curies":[{"name":"wp","href":"https:\/\/api.w.org\/{rel}","templated":true}]}}