{"id":13516,"date":"2023-12-04T11:24:00","date_gmt":"2023-12-04T11:24:00","guid":{"rendered":"https:\/\/2023shop.heinrichschulte.de\/?product=alpha-line_500-waschtischarmatur-mit-ablaufgarnitur-2"},"modified":"2023-12-04T11:24:01","modified_gmt":"2023-12-04T11:24:01","slug":"alpha-line_500-waschtischarmatur-mit-ablaufgarnitur-2","status":"publish","type":"product","link":"https:\/\/2023shop.heinrichschulte.de\/?product=alpha-line_500-waschtischarmatur-mit-ablaufgarnitur-2","title":{"rendered":"alpha-line_500 Waschtischarmatur mit Ablaufgarnitur"},"content":{"rendered":"","protected":false},"excerpt":{"rendered":"<p>Auf dezenten Sockel erhebt sich geometrisch definiert der Armaturenk\u00f6rper mit rechtwinklig angesetztem horizontalem Auslauf. Die brillante Oberfl\u00e4che aus hochwertigem Chrom unterstreicht die hohe Qualit\u00e4t und Einzigartigkeit dieser Armatur. Mit monolithisch aus dem Armaturenk\u00f6rper heraus entwickelter Grundform bietet der Hebel gro\u00dffl\u00e4chig sehr gute ergonomische Voraussetzungen f\u00fcr komfortable Bedienung. Der eingesetzte Spezialstrahlregler hilft Wasser zu sparen und sch\u00fctzt die Armatur durch seine eigens daf\u00fcr entwickelte Silikon-Lippe vor Kalkablagerungen. Zur Steuerung der Ablaufgarnitur integriert sich im hinteren Bereich dezent die leichtg\u00e4ngige Zugstange, die durch ihre Form auch mit nassen H\u00e4nden bequem und sicher zu bedienen ist. \u00dcber eine spezielle Schaftverschraubung wird diese Armatur sehr stabil montiert. <\/p>\n","protected":false},"featured_media":5863,"template":"","meta":[],"product_cat":[1734,735,1370,1266,1822],"product_tag":[1738,134,1376,1278,1824],"lang":"de","translations":{"de":13516,"en":14480},"pll_sync_post":[],"_links":{"self":[{"href":"https:\/\/2023shop.heinrichschulte.de\/index.php?rest_route=\/wp\/v2\/product\/13516"}],"collection":[{"href":"https:\/\/2023shop.heinrichschulte.de\/index.php?rest_route=\/wp\/v2\/product"}],"about":[{"href":"https:\/\/2023shop.heinrichschulte.de\/index.php?rest_route=\/wp\/v2\/types\/product"}],"version-history":[{"count":1,"href":"https:\/\/2023shop.heinrichschulte.de\/index.php?rest_route=\/wp\/v2\/product\/13516\/revisions"}],"predecessor-version":[{"id":13517,"href":"https:\/\/2023shop.heinrichschulte.de\/index.php?rest_route=\/wp\/v2\/product\/13516\/revisions\/13517"}],"wp:featuredmedia":[{"embeddable":true,"href":"https:\/\/2023shop.heinrichschulte.de\/index.php?rest_route=\/wp\/v2\/media\/5863"}],"wp:attachment":[{"href":"https:\/\/2023shop.heinrichschulte.de\/index.php?rest_route=%2Fwp%2Fv2%2Fmedia&parent=13516"}],"wp:term":[{"taxonomy":"product_cat","embeddable":true,"href":"https:\/\/2023shop.heinrichschulte.de\/index.php?rest_route=%2Fwp%2Fv2%2Fproduct_cat&post=13516"},{"taxonomy":"product_tag","embeddable":true,"href":"https:\/\/2023shop.heinrichschulte.de\/index.php?rest_route=%2Fwp%2Fv2%2Fproduct_tag&post=13516"}],"curies":[{"name":"wp","href":"https:\/\/api.w.org\/{rel}","templated":true}]}}