{"id":13538,"date":"2023-12-04T11:24:12","date_gmt":"2023-12-04T11:24:12","guid":{"rendered":"https:\/\/2023shop.heinrichschulte.de\/?product=alpha_400-fertigbauset-wannenthermostat-fuer-tec-box-2"},"modified":"2023-12-04T11:24:13","modified_gmt":"2023-12-04T11:24:13","slug":"alpha_400-fertigbauset-wannenthermostat-fuer-tec-box-2","status":"publish","type":"product","link":"https:\/\/2023shop.heinrichschulte.de\/?product=alpha_400-fertigbauset-wannenthermostat-fuer-tec-box-2","title":{"rendered":"alpha_400 Fertigbauset Wannenthermostat f\u00fcr Tec-box"},"content":{"rendered":"","protected":false},"excerpt":{"rendered":"<p>Diese Thermostatarmatur bietet ein H\u00f6chstma\u00df an Komfort. In einem zweigeteilten zylindrischen Element sind Mengenregler und Thermostatsteuerung untergebracht. Kleine ebenfalls zylinderf\u00f6rmige Indikatoren visualisieren die gew\u00e4hlte Einstellung und schaffen eine rutschsichere Bedienung auch mit nassen H\u00e4nden. Die brillante Chromoberfl\u00e4che unterstreicht wirkungsvoll die Sch\u00f6nheit dieser Armatur. Angenehm leichtg\u00e4ngig und in jeder Hebelposition bequem zu erreichen, ist der individuell gestaltete Umsteller einfach und sicher zu bedienen. Die sanft gerundeten Ecken der elegant geformten quadratischen Wandrosette bewirken einen harmonischen \u00dcbergang zu unterschiedlichsten Wandgestaltungen. <\/p>\n","protected":false},"featured_media":6184,"template":"","meta":[],"product_cat":[1342,1370,865,1786,1852],"product_tag":[73,1376,873,1790,1854],"lang":"de","translations":{"de":13538,"en":14502},"pll_sync_post":[],"_links":{"self":[{"href":"https:\/\/2023shop.heinrichschulte.de\/index.php?rest_route=\/wp\/v2\/product\/13538"}],"collection":[{"href":"https:\/\/2023shop.heinrichschulte.de\/index.php?rest_route=\/wp\/v2\/product"}],"about":[{"href":"https:\/\/2023shop.heinrichschulte.de\/index.php?rest_route=\/wp\/v2\/types\/product"}],"version-history":[{"count":1,"href":"https:\/\/2023shop.heinrichschulte.de\/index.php?rest_route=\/wp\/v2\/product\/13538\/revisions"}],"predecessor-version":[{"id":13539,"href":"https:\/\/2023shop.heinrichschulte.de\/index.php?rest_route=\/wp\/v2\/product\/13538\/revisions\/13539"}],"wp:featuredmedia":[{"embeddable":true,"href":"https:\/\/2023shop.heinrichschulte.de\/index.php?rest_route=\/wp\/v2\/media\/6184"}],"wp:attachment":[{"href":"https:\/\/2023shop.heinrichschulte.de\/index.php?rest_route=%2Fwp%2Fv2%2Fmedia&parent=13538"}],"wp:term":[{"taxonomy":"product_cat","embeddable":true,"href":"https:\/\/2023shop.heinrichschulte.de\/index.php?rest_route=%2Fwp%2Fv2%2Fproduct_cat&post=13538"},{"taxonomy":"product_tag","embeddable":true,"href":"https:\/\/2023shop.heinrichschulte.de\/index.php?rest_route=%2Fwp%2Fv2%2Fproduct_tag&post=13538"}],"curies":[{"name":"wp","href":"https:\/\/api.w.org\/{rel}","templated":true}]}}