{"id":13544,"date":"2023-12-04T11:24:15","date_gmt":"2023-12-04T11:24:15","guid":{"rendered":"https:\/\/2023shop.heinrichschulte.de\/?product=alpha-style_600-fertigbauset-waschtischwand-fuer-tec-box_wt-2"},"modified":"2023-12-04T11:24:15","modified_gmt":"2023-12-04T11:24:15","slug":"alpha-style_600-fertigbauset-waschtischwand-fuer-tec-box_wt-2","status":"publish","type":"product","link":"https:\/\/2023shop.heinrichschulte.de\/?product=alpha-style_600-fertigbauset-waschtischwand-fuer-tec-box_wt-2","title":{"rendered":"alpha-style_600 Fertigbauset Waschtischwand f\u00fcr Tec-box_wt"},"content":{"rendered":"","protected":false},"excerpt":{"rendered":"<p>Wie der nat\u00fcrliche Lauf des Wassers zeigt sich der meisterlich gestaltete Auslauf in seiner puristischen Sch\u00f6nheit. Die brillante Oberfl\u00e4che aus hochwertigem Chrom unterstreicht die hohe Qualit\u00e4t und Einzigartigkeit dieser Armatur. Der im Griffbereich leicht geschwungene Hebel zelebriert Leichtigkeit und Bewegung und schafft ergonomisch durchdacht Freiraum f\u00fcr komfortable Bedienung. Durch den querliegenden Strahlregler verl\u00e4sst das Wasser angepasst an den breiten Auslauf in weichem wasserfallartigem Schwall bedeutungsvoll die Armatur. Die angenehm flache und an den Ecken leicht verrundete Wandrosette, erm\u00f6glicht einen extravaganten \u00dcbergang zur Wand. <\/p>\n","protected":false},"featured_media":5532,"template":"","meta":[],"product_cat":[1498,735,1370,1266,1856],"product_tag":[1504,134,1376,1278,1858],"lang":"de","translations":{"de":13544,"en":14508},"pll_sync_post":[],"_links":{"self":[{"href":"https:\/\/2023shop.heinrichschulte.de\/index.php?rest_route=\/wp\/v2\/product\/13544"}],"collection":[{"href":"https:\/\/2023shop.heinrichschulte.de\/index.php?rest_route=\/wp\/v2\/product"}],"about":[{"href":"https:\/\/2023shop.heinrichschulte.de\/index.php?rest_route=\/wp\/v2\/types\/product"}],"version-history":[{"count":1,"href":"https:\/\/2023shop.heinrichschulte.de\/index.php?rest_route=\/wp\/v2\/product\/13544\/revisions"}],"predecessor-version":[{"id":13545,"href":"https:\/\/2023shop.heinrichschulte.de\/index.php?rest_route=\/wp\/v2\/product\/13544\/revisions\/13545"}],"wp:featuredmedia":[{"embeddable":true,"href":"https:\/\/2023shop.heinrichschulte.de\/index.php?rest_route=\/wp\/v2\/media\/5532"}],"wp:attachment":[{"href":"https:\/\/2023shop.heinrichschulte.de\/index.php?rest_route=%2Fwp%2Fv2%2Fmedia&parent=13544"}],"wp:term":[{"taxonomy":"product_cat","embeddable":true,"href":"https:\/\/2023shop.heinrichschulte.de\/index.php?rest_route=%2Fwp%2Fv2%2Fproduct_cat&post=13544"},{"taxonomy":"product_tag","embeddable":true,"href":"https:\/\/2023shop.heinrichschulte.de\/index.php?rest_route=%2Fwp%2Fv2%2Fproduct_tag&post=13544"}],"curies":[{"name":"wp","href":"https:\/\/api.w.org\/{rel}","templated":true}]}}