{"id":13552,"date":"2023-12-04T11:24:26","date_gmt":"2023-12-04T11:24:26","guid":{"rendered":"https:\/\/2023shop.heinrichschulte.de\/?product=alpha_400-shower_pipe-thermostat-quadral"},"modified":"2023-12-04T11:24:27","modified_gmt":"2023-12-04T11:24:27","slug":"alpha_400-shower_pipe-thermostat-quadral","status":"publish","type":"product","link":"https:\/\/2023shop.heinrichschulte.de\/?product=alpha_400-shower_pipe-thermostat-quadral","title":{"rendered":"alpha_400 shower_pipe Thermostat Quadral"},"content":{"rendered":"","protected":false},"excerpt":{"rendered":"<p>Sinnliche und wohltuende Entspannung ist mit diesem Duschsystem garantiert. Mit wenigen Handgriffen montiert, verwandelt es jeden Duschbereich zum Wellness-Areal. Sicher und komfortabel l\u00e4sst sich zwischen den Funktionen Hand- und Kopfbrause w\u00e4hlen. In einer eleganten \u00dcberw\u00f6lbung tr\u00e4gt der Armaturenk\u00f6rper die seitlich montierten Bedienelemente. Die hohe Qualit\u00e4t und Einzigartigkeit dieses Duschsystems, wird durch die brillante Oberfl\u00e4che aus hochwertigem Chrom prachtvoll inszeniert. Genussvoller als \u00fcber die gro\u00dffl\u00e4chige quadratische Regenbrause l\u00e4sst sich das Duschvergn\u00fcgen kaum erleben. Viele kleine Silikond\u00fcsen sorgen f\u00fcr wohlige Wasserstrahlen und verhindern das Verkalken des Brauseelements. Die Ruheposition der formal dem Duschsystem angepasste Handbrause ist individuell einstellbar. Bequem in der Handhabung bietet sie die M\u00f6glichkeit zwischen drei Strahlvarianten zu w\u00e4hlen. Wie eine \u00fcbergangslose Verl\u00e4ngerung des Grundk\u00f6rpers sind Mengeneinsteller und Temperaturregler links und rechts positioniert. Die Abflachung im oberen Bereich der Griffe erm\u00f6glicht sicheres Greifen und signalisiert die 0-Position. Leicht der Wand anpassbare Schubrosetten umschlie\u00dfen elegant die Zuleitungen und verleihen der Armatur auch im Anschlussbereich eine sehr hochwertige Erscheinung. <\/p>\n","protected":false},"featured_media":6214,"template":"","meta":[],"product_cat":[1342,1370,827,1876,1878],"product_tag":[73,1376,839,1880,1882],"lang":"de","translations":{"de":13552,"en":14538},"pll_sync_post":[],"_links":{"self":[{"href":"https:\/\/2023shop.heinrichschulte.de\/index.php?rest_route=\/wp\/v2\/product\/13552"}],"collection":[{"href":"https:\/\/2023shop.heinrichschulte.de\/index.php?rest_route=\/wp\/v2\/product"}],"about":[{"href":"https:\/\/2023shop.heinrichschulte.de\/index.php?rest_route=\/wp\/v2\/types\/product"}],"version-history":[{"count":1,"href":"https:\/\/2023shop.heinrichschulte.de\/index.php?rest_route=\/wp\/v2\/product\/13552\/revisions"}],"predecessor-version":[{"id":13553,"href":"https:\/\/2023shop.heinrichschulte.de\/index.php?rest_route=\/wp\/v2\/product\/13552\/revisions\/13553"}],"wp:featuredmedia":[{"embeddable":true,"href":"https:\/\/2023shop.heinrichschulte.de\/index.php?rest_route=\/wp\/v2\/media\/6214"}],"wp:attachment":[{"href":"https:\/\/2023shop.heinrichschulte.de\/index.php?rest_route=%2Fwp%2Fv2%2Fmedia&parent=13552"}],"wp:term":[{"taxonomy":"product_cat","embeddable":true,"href":"https:\/\/2023shop.heinrichschulte.de\/index.php?rest_route=%2Fwp%2Fv2%2Fproduct_cat&post=13552"},{"taxonomy":"product_tag","embeddable":true,"href":"https:\/\/2023shop.heinrichschulte.de\/index.php?rest_route=%2Fwp%2Fv2%2Fproduct_tag&post=13552"}],"curies":[{"name":"wp","href":"https:\/\/api.w.org\/{rel}","templated":true}]}}