{"id":13558,"date":"2023-12-04T11:24:28","date_gmt":"2023-12-04T11:24:28","guid":{"rendered":"https:\/\/2023shop.heinrichschulte.de\/?product=alpha_400-fertigbauset-brausearmatur-fuer-tec-box"},"modified":"2023-12-04T11:24:28","modified_gmt":"2023-12-04T11:24:28","slug":"alpha_400-fertigbauset-brausearmatur-fuer-tec-box","status":"publish","type":"product","link":"https:\/\/2023shop.heinrichschulte.de\/?product=alpha_400-fertigbauset-brausearmatur-fuer-tec-box","title":{"rendered":"alpha_400 Fertigbauset Brausearmatur  f\u00fcr Tec-box"},"content":{"rendered":"","protected":false},"excerpt":{"rendered":"<p>Pur und exquisit ist diese Brausearmatur durchgestylt. Pr\u00e4zise architektonische Linienf\u00fchrung schafft mit klarer Funktionstransparenz unaufdringliche Eleganz. Mit aufw\u00e4ndig aufgebrachtem hochwertigem Chrom werden die formal bedeutungsvollen Oberfl\u00e4chen wirkungsvoll in Szene gesetzt. Der selbstbewusste und elegante Hebel ist parallel zur Wand vertikal ausgerichtet und schafft damit h\u00f6chsten Komfort bei freibleibendem Bewegungsraum im Duschbereich. Die sanft gerundeten Ecken der elegant geformten quadratischen Wandrosette bewirken einen harmonischen \u00dcbergang zu unterschiedlichsten Wandgestaltungen. <\/p>\n","protected":false},"featured_media":6223,"template":"","meta":[],"product_cat":[1342,735,1370,1500,1892],"product_tag":[73,134,1376,1506,1894],"lang":"de","translations":{"de":13558,"en":14544},"pll_sync_post":[],"_links":{"self":[{"href":"https:\/\/2023shop.heinrichschulte.de\/index.php?rest_route=\/wp\/v2\/product\/13558"}],"collection":[{"href":"https:\/\/2023shop.heinrichschulte.de\/index.php?rest_route=\/wp\/v2\/product"}],"about":[{"href":"https:\/\/2023shop.heinrichschulte.de\/index.php?rest_route=\/wp\/v2\/types\/product"}],"version-history":[{"count":1,"href":"https:\/\/2023shop.heinrichschulte.de\/index.php?rest_route=\/wp\/v2\/product\/13558\/revisions"}],"predecessor-version":[{"id":13559,"href":"https:\/\/2023shop.heinrichschulte.de\/index.php?rest_route=\/wp\/v2\/product\/13558\/revisions\/13559"}],"wp:featuredmedia":[{"embeddable":true,"href":"https:\/\/2023shop.heinrichschulte.de\/index.php?rest_route=\/wp\/v2\/media\/6223"}],"wp:attachment":[{"href":"https:\/\/2023shop.heinrichschulte.de\/index.php?rest_route=%2Fwp%2Fv2%2Fmedia&parent=13558"}],"wp:term":[{"taxonomy":"product_cat","embeddable":true,"href":"https:\/\/2023shop.heinrichschulte.de\/index.php?rest_route=%2Fwp%2Fv2%2Fproduct_cat&post=13558"},{"taxonomy":"product_tag","embeddable":true,"href":"https:\/\/2023shop.heinrichschulte.de\/index.php?rest_route=%2Fwp%2Fv2%2Fproduct_tag&post=13558"}],"curies":[{"name":"wp","href":"https:\/\/api.w.org\/{rel}","templated":true}]}}