{"id":13562,"date":"2023-12-04T11:24:29","date_gmt":"2023-12-04T11:24:29","guid":{"rendered":"https:\/\/2023shop.heinrichschulte.de\/?product=alpha_300-kuechenarmatur-niederdruck-215"},"modified":"2023-12-04T11:24:29","modified_gmt":"2023-12-04T11:24:29","slug":"alpha_300-kuechenarmatur-niederdruck-215","status":"publish","type":"product","link":"https:\/\/2023shop.heinrichschulte.de\/?product=alpha_300-kuechenarmatur-niederdruck-215","title":{"rendered":"alpha_300 K\u00fcchenarmatur Niederdruck 215"},"content":{"rendered":"","protected":false},"excerpt":{"rendered":"<p>Seitengesteuert und auf einem kompakten Armaturenk\u00f6rper aufbauend, erhebt sich diese elegante Armatur in die H\u00f6he. Das Wasser flie\u00dft \u00fcber den rechtwinklig geformten Rohrauslauf horizontal dem Nutzer entgegen. Die brillante Chromoberfl\u00e4che unterstreicht wirkungsvoll die Sch\u00f6nheit dieser Armatur. Leicht beweglich und ergonomisch sensibel abgestimmt, schlie\u00dft der im \u00dcbergang markant gestaltete Hebel die Armatur formvollendet ab. Seine vertikale Ausrichtung schafft angenehme Bewegungsfreiheit. Mit einem speziellen Strahlregler f\u00fcr Niederdruckarmaturen werden die Bedingungen f\u00fcr Hei\u00dfwasserger\u00e4te erf\u00fcllt. Der schwenkbare Auslauf erm\u00f6glicht komfortables und zielgerichtetes Arbeiten. \u00dcber eine spezielle Schaftverschraubung wird diese hohe Armatur sehr stabil mit der Sp\u00fcle verbunden. <\/p>\n","protected":false},"featured_media":5994,"template":"","meta":[],"product_cat":[1566,1330,1334,1742],"product_tag":[1570,71,75,1744],"lang":"de","translations":{"de":13562,"en":14548},"pll_sync_post":[],"_links":{"self":[{"href":"https:\/\/2023shop.heinrichschulte.de\/index.php?rest_route=\/wp\/v2\/product\/13562"}],"collection":[{"href":"https:\/\/2023shop.heinrichschulte.de\/index.php?rest_route=\/wp\/v2\/product"}],"about":[{"href":"https:\/\/2023shop.heinrichschulte.de\/index.php?rest_route=\/wp\/v2\/types\/product"}],"version-history":[{"count":1,"href":"https:\/\/2023shop.heinrichschulte.de\/index.php?rest_route=\/wp\/v2\/product\/13562\/revisions"}],"predecessor-version":[{"id":13563,"href":"https:\/\/2023shop.heinrichschulte.de\/index.php?rest_route=\/wp\/v2\/product\/13562\/revisions\/13563"}],"wp:featuredmedia":[{"embeddable":true,"href":"https:\/\/2023shop.heinrichschulte.de\/index.php?rest_route=\/wp\/v2\/media\/5994"}],"wp:attachment":[{"href":"https:\/\/2023shop.heinrichschulte.de\/index.php?rest_route=%2Fwp%2Fv2%2Fmedia&parent=13562"}],"wp:term":[{"taxonomy":"product_cat","embeddable":true,"href":"https:\/\/2023shop.heinrichschulte.de\/index.php?rest_route=%2Fwp%2Fv2%2Fproduct_cat&post=13562"},{"taxonomy":"product_tag","embeddable":true,"href":"https:\/\/2023shop.heinrichschulte.de\/index.php?rest_route=%2Fwp%2Fv2%2Fproduct_tag&post=13562"}],"curies":[{"name":"wp","href":"https:\/\/api.w.org\/{rel}","templated":true}]}}