{"id":13598,"date":"2023-12-04T11:24:31","date_gmt":"2023-12-04T11:24:31","guid":{"rendered":"https:\/\/2023shop.heinrichschulte.de\/?product=alpha_350-brausearmatur-ohne-brausegarnitur-2"},"modified":"2023-12-04T11:24:31","modified_gmt":"2023-12-04T11:24:31","slug":"alpha_350-brausearmatur-ohne-brausegarnitur-2","status":"publish","type":"product","link":"https:\/\/2023shop.heinrichschulte.de\/?product=alpha_350-brausearmatur-ohne-brausegarnitur-2","title":{"rendered":"alpha_350 Brausearmatur ohne Brausegarnitur"},"content":{"rendered":"","protected":false},"excerpt":{"rendered":"<p>Die formale Leichtigkeit der Gestaltung orientiert sich wohltuend klar und zur\u00fcckhaltend an der Funktionalit\u00e4t dieses Armaturenk\u00f6rpers. Die brillante Chromoberfl\u00e4che unterstreicht wirkungsvoll die Sch\u00f6nheit dieser Armatur. Leicht beweglich und ergonomisch sensibel abgestimmt, schlie\u00dft der im \u00dcbergang markant gestaltete Hebel die Armatur formvollendet ab. Seine vertikale Ausrichtung schafft angenehme Bewegungsfreiheit. Durch leichte Verdrehung k\u00f6nnen die Wandanschlussrosetten der Wand angepasst werden. Die in der Wand liegenden S-Anschl\u00fcsse werden sauber abgedeckt. <\/p>\n","protected":false},"featured_media":5808,"template":"","meta":[],"product_cat":[1332,735,1370,1500,1926],"product_tag":[1338,134,1376,1506,1928],"lang":"de","translations":{"de":13598,"en":14554},"pll_sync_post":[],"_links":{"self":[{"href":"https:\/\/2023shop.heinrichschulte.de\/index.php?rest_route=\/wp\/v2\/product\/13598"}],"collection":[{"href":"https:\/\/2023shop.heinrichschulte.de\/index.php?rest_route=\/wp\/v2\/product"}],"about":[{"href":"https:\/\/2023shop.heinrichschulte.de\/index.php?rest_route=\/wp\/v2\/types\/product"}],"version-history":[{"count":1,"href":"https:\/\/2023shop.heinrichschulte.de\/index.php?rest_route=\/wp\/v2\/product\/13598\/revisions"}],"predecessor-version":[{"id":13599,"href":"https:\/\/2023shop.heinrichschulte.de\/index.php?rest_route=\/wp\/v2\/product\/13598\/revisions\/13599"}],"wp:featuredmedia":[{"embeddable":true,"href":"https:\/\/2023shop.heinrichschulte.de\/index.php?rest_route=\/wp\/v2\/media\/5808"}],"wp:attachment":[{"href":"https:\/\/2023shop.heinrichschulte.de\/index.php?rest_route=%2Fwp%2Fv2%2Fmedia&parent=13598"}],"wp:term":[{"taxonomy":"product_cat","embeddable":true,"href":"https:\/\/2023shop.heinrichschulte.de\/index.php?rest_route=%2Fwp%2Fv2%2Fproduct_cat&post=13598"},{"taxonomy":"product_tag","embeddable":true,"href":"https:\/\/2023shop.heinrichschulte.de\/index.php?rest_route=%2Fwp%2Fv2%2Fproduct_tag&post=13598"}],"curies":[{"name":"wp","href":"https:\/\/api.w.org\/{rel}","templated":true}]}}