{"id":13602,"date":"2023-12-04T11:24:32","date_gmt":"2023-12-04T11:24:32","guid":{"rendered":"https:\/\/2023shop.heinrichschulte.de\/?product=xena-kuechenarmatur-mit-ausziehbrause"},"modified":"2023-12-04T11:24:32","modified_gmt":"2023-12-04T11:24:32","slug":"xena-kuechenarmatur-mit-ausziehbrause","status":"publish","type":"product","link":"https:\/\/2023shop.heinrichschulte.de\/?product=xena-kuechenarmatur-mit-ausziehbrause","title":{"rendered":"xena K\u00fcchenarmatur mit Ausziehbrause"},"content":{"rendered":"","protected":false},"excerpt":{"rendered":"<p>\u00dcber einen schr\u00e4g ansteigenden Auslauf flie\u00dft das Wasser in der Armatur in die H\u00f6he und bietet eine bequeme Nutzung. Die brillante Chromoberfl\u00e4che unterstreicht wirkungsvoll die Sch\u00f6nheit dieser Armatur. Der platzsparend positionierte Hebel ist nach hinten abgeschr\u00e4gt und erlaubt den bequemen Zugriff auch von dieser Seite der Armatur. Der mit wirkungsvollem Kalkschutz ausgestattete Spezialstrahlregler gew\u00e4hrleistet eine optimal bel\u00fcftete Strahlqualit\u00e4t. Dadurch wird Wasser gespart und Spritzwasser verhindert. Der schwenkbare Auslauf mit herausziehbarer Geschirrhandbrause schafft die Basis f\u00fcr optimale individuelle Nutzungsvorlieben. Ein eingebauter R\u00fcckflussverhinderer macht die Wasserf\u00fchrung eigensichen. Schmutzwasser kann nicht ins Trinkwasser zur\u00fcckflie\u00dfen. <\/p>\n","protected":false},"featured_media":6112,"template":"","meta":[],"product_cat":[1330,1334,1356,1354],"product_tag":[71,75,1360,1358],"lang":"de","translations":{"de":13602,"en":14558},"pll_sync_post":[],"_links":{"self":[{"href":"https:\/\/2023shop.heinrichschulte.de\/index.php?rest_route=\/wp\/v2\/product\/13602"}],"collection":[{"href":"https:\/\/2023shop.heinrichschulte.de\/index.php?rest_route=\/wp\/v2\/product"}],"about":[{"href":"https:\/\/2023shop.heinrichschulte.de\/index.php?rest_route=\/wp\/v2\/types\/product"}],"version-history":[{"count":1,"href":"https:\/\/2023shop.heinrichschulte.de\/index.php?rest_route=\/wp\/v2\/product\/13602\/revisions"}],"predecessor-version":[{"id":13603,"href":"https:\/\/2023shop.heinrichschulte.de\/index.php?rest_route=\/wp\/v2\/product\/13602\/revisions\/13603"}],"wp:featuredmedia":[{"embeddable":true,"href":"https:\/\/2023shop.heinrichschulte.de\/index.php?rest_route=\/wp\/v2\/media\/6112"}],"wp:attachment":[{"href":"https:\/\/2023shop.heinrichschulte.de\/index.php?rest_route=%2Fwp%2Fv2%2Fmedia&parent=13602"}],"wp:term":[{"taxonomy":"product_cat","embeddable":true,"href":"https:\/\/2023shop.heinrichschulte.de\/index.php?rest_route=%2Fwp%2Fv2%2Fproduct_cat&post=13602"},{"taxonomy":"product_tag","embeddable":true,"href":"https:\/\/2023shop.heinrichschulte.de\/index.php?rest_route=%2Fwp%2Fv2%2Fproduct_tag&post=13602"}],"curies":[{"name":"wp","href":"https:\/\/api.w.org\/{rel}","templated":true}]}}