{"id":13604,"date":"2023-12-04T11:24:32","date_gmt":"2023-12-04T11:24:32","guid":{"rendered":"https:\/\/2023shop.heinrichschulte.de\/?product=alpha-line_500-waschtischarmatur-hoch-mit-druckknopf-ablaufgarnitur"},"modified":"2023-12-04T11:24:33","modified_gmt":"2023-12-04T11:24:33","slug":"alpha-line_500-waschtischarmatur-hoch-mit-druckknopf-ablaufgarnitur","status":"publish","type":"product","link":"https:\/\/2023shop.heinrichschulte.de\/?product=alpha-line_500-waschtischarmatur-hoch-mit-druckknopf-ablaufgarnitur","title":{"rendered":"alpha-line_500 Waschtischarmatur hoch mit Druckknopf-Ablaufgarnitur"},"content":{"rendered":"","protected":false},"excerpt":{"rendered":"<p>Auf dezenten Sockel sicher positioniert, erhebt sich geometrisch definiert der hohe Armaturenk\u00f6rper mit rechtwinklig angesetztem horizontalem Auslauf. Die brillante Oberfl\u00e4che aus hochwertigem Chrom unterstreicht die hohe Qualit\u00e4t und Einzigartigkeit dieser Armatur. Mit monolithisch aus dem Armaturenk\u00f6rper heraus entwickelter Grundform bietet der Hebel gro\u00dffl\u00e4chig sehr gute ergonomische Voraussetzungen f\u00fcr komfortable Bedienung. Der eingesetzte Spezialstrahlregler hilft Wasser zu sparen und sch\u00fctzt die Armatur durch seine eigens daf\u00fcr entwickelte Silikon-Lippe vor Kalkablagerungen. Durch einen Druck auf die Verschlusskappe, l\u00e4sst sich die Ablaufgarnitur bequem direkt \u00f6ffnen und schlie\u00dfen. \u00dcber eine spezielle Schaftverschraubung wird diese Armatur sehr stabil montiert. <\/p>\n","protected":false},"featured_media":5858,"template":"","meta":[],"product_cat":[1734,735,1370,1266,1822],"product_tag":[1738,134,1376,1278,1824],"lang":"de","translations":{"de":13604,"en":14560},"pll_sync_post":[],"_links":{"self":[{"href":"https:\/\/2023shop.heinrichschulte.de\/index.php?rest_route=\/wp\/v2\/product\/13604"}],"collection":[{"href":"https:\/\/2023shop.heinrichschulte.de\/index.php?rest_route=\/wp\/v2\/product"}],"about":[{"href":"https:\/\/2023shop.heinrichschulte.de\/index.php?rest_route=\/wp\/v2\/types\/product"}],"version-history":[{"count":1,"href":"https:\/\/2023shop.heinrichschulte.de\/index.php?rest_route=\/wp\/v2\/product\/13604\/revisions"}],"predecessor-version":[{"id":13605,"href":"https:\/\/2023shop.heinrichschulte.de\/index.php?rest_route=\/wp\/v2\/product\/13604\/revisions\/13605"}],"wp:featuredmedia":[{"embeddable":true,"href":"https:\/\/2023shop.heinrichschulte.de\/index.php?rest_route=\/wp\/v2\/media\/5858"}],"wp:attachment":[{"href":"https:\/\/2023shop.heinrichschulte.de\/index.php?rest_route=%2Fwp%2Fv2%2Fmedia&parent=13604"}],"wp:term":[{"taxonomy":"product_cat","embeddable":true,"href":"https:\/\/2023shop.heinrichschulte.de\/index.php?rest_route=%2Fwp%2Fv2%2Fproduct_cat&post=13604"},{"taxonomy":"product_tag","embeddable":true,"href":"https:\/\/2023shop.heinrichschulte.de\/index.php?rest_route=%2Fwp%2Fv2%2Fproduct_tag&post=13604"}],"curies":[{"name":"wp","href":"https:\/\/api.w.org\/{rel}","templated":true}]}}