{"id":13612,"date":"2023-12-04T11:24:35","date_gmt":"2023-12-04T11:24:35","guid":{"rendered":"https:\/\/2023shop.heinrichschulte.de\/?product=alpha_300-kuechenarmatur-mit-ausziehbrause"},"modified":"2023-12-04T11:24:35","modified_gmt":"2023-12-04T11:24:35","slug":"alpha_300-kuechenarmatur-mit-ausziehbrause","status":"publish","type":"product","link":"https:\/\/2023shop.heinrichschulte.de\/?product=alpha_300-kuechenarmatur-mit-ausziehbrause","title":{"rendered":"alpha_300 K\u00fcchenarmatur mit Ausziehbrause"},"content":{"rendered":"","protected":false},"excerpt":{"rendered":"<p>Mit einer zylindrischen Variante der Auslaufgeometrie wird bei dieser Armatur eine eigenst\u00e4ndige Erscheinungsform geschaffen, die sich angenehm in den Sp\u00fclenbereich einf\u00fcgt. Die brillante Chromoberfl\u00e4che unterstreicht wirkungsvoll die Sch\u00f6nheit dieser Armatur. Leicht beweglich und ergonomisch sensibel abgestimmt, schlie\u00dft der im \u00dcbergang markant gestaltete Hebel die Armatur formvollendet ab. Der schwenkbare Auslauf mit herausziehbarer Geschirrhandbrause schafft die Basis f\u00fcr optimale individuelle Nutzungsvorlieben. Ein eingebauter R\u00fcckflussverhinderer macht die Wasserf\u00fchrung eigensichen. Schmutzwasser kann nicht ins Trinkwasser zur\u00fcckflie\u00dfen. \u00dcber eine spezielle Schaftverschraubung wird diese hohe Armatur sehr stabil mit der Sp\u00fcle verbunden und gew\u00e4hrleistet die sichere F\u00fchrung von herausziehbaren Ausl\u00e4ufen und Handbrausen. <\/p>\n","protected":false},"featured_media":6005,"template":"","meta":[],"product_cat":[1566,1330,1334,1742],"product_tag":[1570,71,75,1744],"lang":"de","translations":{"de":13612,"en":14568},"pll_sync_post":[],"_links":{"self":[{"href":"https:\/\/2023shop.heinrichschulte.de\/index.php?rest_route=\/wp\/v2\/product\/13612"}],"collection":[{"href":"https:\/\/2023shop.heinrichschulte.de\/index.php?rest_route=\/wp\/v2\/product"}],"about":[{"href":"https:\/\/2023shop.heinrichschulte.de\/index.php?rest_route=\/wp\/v2\/types\/product"}],"version-history":[{"count":1,"href":"https:\/\/2023shop.heinrichschulte.de\/index.php?rest_route=\/wp\/v2\/product\/13612\/revisions"}],"predecessor-version":[{"id":13613,"href":"https:\/\/2023shop.heinrichschulte.de\/index.php?rest_route=\/wp\/v2\/product\/13612\/revisions\/13613"}],"wp:featuredmedia":[{"embeddable":true,"href":"https:\/\/2023shop.heinrichschulte.de\/index.php?rest_route=\/wp\/v2\/media\/6005"}],"wp:attachment":[{"href":"https:\/\/2023shop.heinrichschulte.de\/index.php?rest_route=%2Fwp%2Fv2%2Fmedia&parent=13612"}],"wp:term":[{"taxonomy":"product_cat","embeddable":true,"href":"https:\/\/2023shop.heinrichschulte.de\/index.php?rest_route=%2Fwp%2Fv2%2Fproduct_cat&post=13612"},{"taxonomy":"product_tag","embeddable":true,"href":"https:\/\/2023shop.heinrichschulte.de\/index.php?rest_route=%2Fwp%2Fv2%2Fproduct_tag&post=13612"}],"curies":[{"name":"wp","href":"https:\/\/api.w.org\/{rel}","templated":true}]}}