{"id":13624,"date":"2023-12-04T11:24:38","date_gmt":"2023-12-04T11:24:38","guid":{"rendered":"https:\/\/2023shop.heinrichschulte.de\/?product=alpha_400-sichtteile-fuer-unterputzventil-2"},"modified":"2023-12-04T11:24:38","modified_gmt":"2023-12-04T11:24:38","slug":"alpha_400-sichtteile-fuer-unterputzventil-2","status":"publish","type":"product","link":"https:\/\/2023shop.heinrichschulte.de\/?product=alpha_400-sichtteile-fuer-unterputzventil-2","title":{"rendered":"alpha_400 Sichtteile f\u00fcr Unterputzventil"},"content":{"rendered":"","protected":false},"excerpt":{"rendered":"<p>Zur Steuerung eines Unterputzventils wurde dieser imponierende Griff mit der die Grundstellung markierender Abflachung entwickelt. In seiner zur\u00fcckhaltenden Gesamterscheinung ist er dennoch ein sehr funktionales Schmuckst\u00fcck. Mit aufw\u00e4ndig aufgebrachtem hochwertigem Chrom werden die formal bedeutungsvollen Oberfl\u00e4chen wirkungsvoll in Szene gesetzt. Die quadratische, an den Ecken leicht verrundete Wandrosette, bildet einen sehr sch\u00f6n abgestimmten \u00dcbergang zur Wand. <\/p>\n","protected":false},"featured_media":6168,"template":"","meta":[],"product_cat":[1342,1370,1614,1616,1410],"product_tag":[73,1376,1618,1620,1418],"lang":"de","translations":{"de":13624,"en":14580},"pll_sync_post":[],"_links":{"self":[{"href":"https:\/\/2023shop.heinrichschulte.de\/index.php?rest_route=\/wp\/v2\/product\/13624"}],"collection":[{"href":"https:\/\/2023shop.heinrichschulte.de\/index.php?rest_route=\/wp\/v2\/product"}],"about":[{"href":"https:\/\/2023shop.heinrichschulte.de\/index.php?rest_route=\/wp\/v2\/types\/product"}],"version-history":[{"count":1,"href":"https:\/\/2023shop.heinrichschulte.de\/index.php?rest_route=\/wp\/v2\/product\/13624\/revisions"}],"predecessor-version":[{"id":13625,"href":"https:\/\/2023shop.heinrichschulte.de\/index.php?rest_route=\/wp\/v2\/product\/13624\/revisions\/13625"}],"wp:featuredmedia":[{"embeddable":true,"href":"https:\/\/2023shop.heinrichschulte.de\/index.php?rest_route=\/wp\/v2\/media\/6168"}],"wp:attachment":[{"href":"https:\/\/2023shop.heinrichschulte.de\/index.php?rest_route=%2Fwp%2Fv2%2Fmedia&parent=13624"}],"wp:term":[{"taxonomy":"product_cat","embeddable":true,"href":"https:\/\/2023shop.heinrichschulte.de\/index.php?rest_route=%2Fwp%2Fv2%2Fproduct_cat&post=13624"},{"taxonomy":"product_tag","embeddable":true,"href":"https:\/\/2023shop.heinrichschulte.de\/index.php?rest_route=%2Fwp%2Fv2%2Fproduct_tag&post=13624"}],"curies":[{"name":"wp","href":"https:\/\/api.w.org\/{rel}","templated":true}]}}