{"id":13632,"date":"2023-12-04T11:24:40","date_gmt":"2023-12-04T11:24:40","guid":{"rendered":"https:\/\/2023shop.heinrichschulte.de\/?product=alpha_400-standhahn-mit-keramik-oberteil-2"},"modified":"2023-12-04T11:24:40","modified_gmt":"2023-12-04T11:24:40","slug":"alpha_400-standhahn-mit-keramik-oberteil-2","status":"publish","type":"product","link":"https:\/\/2023shop.heinrichschulte.de\/?product=alpha_400-standhahn-mit-keramik-oberteil-2","title":{"rendered":"alpha_400 Standhahn mit Keramik-Oberteil"},"content":{"rendered":"","protected":false},"excerpt":{"rendered":"<p>Architektonische Linienf\u00fchrung und pr\u00e4zise definierte Fl\u00e4chenf\u00fchrung geben der alpha_400 ihre auffallende Strahlkraft und kraftvolle Pr\u00e4senz. F\u00fcr kleine Waschbecken im G\u00e4ste-WC ist dieser Standhahn f\u00fcr die Kaltwassernutzung ausgelegt. Mit seiner kleinen Bauform findet er sich formvollendet in diese Umgebung ein. Mit aufw\u00e4ndig aufgebrachtem hochwertigem Chrom werden die formal bedeutungsvollen Oberfl\u00e4chen wirkungsvoll in Szene gesetzt. Der selbstbewusste und elegante Hebel ist pr\u00e4zise austariert und erlaubt ergonomisch sensibel abgestimmt die komfortable Steuerung der Armatur. Zur optimalen Positionierung des Wasserstrahls kann der bewegliche Strahlregler in alle Richtungen geschwenkt werden. <\/p>\n","protected":false},"featured_media":6133,"template":"","meta":[],"product_cat":[1342,735,1370,1266,1754],"product_tag":[73,134,1376,1278,1756],"lang":"de","translations":{"de":13632,"en":14588},"pll_sync_post":[],"_links":{"self":[{"href":"https:\/\/2023shop.heinrichschulte.de\/index.php?rest_route=\/wp\/v2\/product\/13632"}],"collection":[{"href":"https:\/\/2023shop.heinrichschulte.de\/index.php?rest_route=\/wp\/v2\/product"}],"about":[{"href":"https:\/\/2023shop.heinrichschulte.de\/index.php?rest_route=\/wp\/v2\/types\/product"}],"version-history":[{"count":1,"href":"https:\/\/2023shop.heinrichschulte.de\/index.php?rest_route=\/wp\/v2\/product\/13632\/revisions"}],"predecessor-version":[{"id":13633,"href":"https:\/\/2023shop.heinrichschulte.de\/index.php?rest_route=\/wp\/v2\/product\/13632\/revisions\/13633"}],"wp:featuredmedia":[{"embeddable":true,"href":"https:\/\/2023shop.heinrichschulte.de\/index.php?rest_route=\/wp\/v2\/media\/6133"}],"wp:attachment":[{"href":"https:\/\/2023shop.heinrichschulte.de\/index.php?rest_route=%2Fwp%2Fv2%2Fmedia&parent=13632"}],"wp:term":[{"taxonomy":"product_cat","embeddable":true,"href":"https:\/\/2023shop.heinrichschulte.de\/index.php?rest_route=%2Fwp%2Fv2%2Fproduct_cat&post=13632"},{"taxonomy":"product_tag","embeddable":true,"href":"https:\/\/2023shop.heinrichschulte.de\/index.php?rest_route=%2Fwp%2Fv2%2Fproduct_tag&post=13632"}],"curies":[{"name":"wp","href":"https:\/\/api.w.org\/{rel}","templated":true}]}}