{"id":13648,"date":"2023-12-04T11:24:53","date_gmt":"2023-12-04T11:24:53","guid":{"rendered":"https:\/\/2023shop.heinrichschulte.de\/?product=alpha_300-fertigbauset-brausearmatur-fuer-tec-box"},"modified":"2023-12-04T11:24:54","modified_gmt":"2023-12-04T11:24:54","slug":"alpha_300-fertigbauset-brausearmatur-fuer-tec-box","status":"publish","type":"product","link":"https:\/\/2023shop.heinrichschulte.de\/?product=alpha_300-fertigbauset-brausearmatur-fuer-tec-box","title":{"rendered":"alpha_300 Fertigbauset Brausearmatur  f\u00fcr Tec-box"},"content":{"rendered":"","protected":false},"excerpt":{"rendered":"<p>Elegant auf kreisf\u00f6rmige Elemente aufgebaut, ist diese Armatur mit den Gestaltungselementen im Badezimmer kompatibel. Die brillante Chromoberfl\u00e4che unterstreicht wirkungsvoll die Sch\u00f6nheit dieser Armatur. Leicht beweglich und ergonomisch sensibel abgestimmt, schlie\u00dft der im \u00dcbergang markant gestaltete Hebel die Armatur formvollendet ab. Seine vertikale Ausrichtung schafft angenehme Bewegungsfreiheit. Kreisrund geformt, bietet die Wandrosette einen klassischen \u00dcbergang zur Wand und harmonisiert sehr gut mit unterschiedlichsten Wandgestaltungen. <\/p>\n","protected":false},"featured_media":5971,"template":"","meta":[],"product_cat":[1566,735,1370,1500,2006],"product_tag":[1570,134,1376,1506,2008],"lang":"de","translations":{"de":13648,"en":14634},"pll_sync_post":[],"_links":{"self":[{"href":"https:\/\/2023shop.heinrichschulte.de\/index.php?rest_route=\/wp\/v2\/product\/13648"}],"collection":[{"href":"https:\/\/2023shop.heinrichschulte.de\/index.php?rest_route=\/wp\/v2\/product"}],"about":[{"href":"https:\/\/2023shop.heinrichschulte.de\/index.php?rest_route=\/wp\/v2\/types\/product"}],"version-history":[{"count":1,"href":"https:\/\/2023shop.heinrichschulte.de\/index.php?rest_route=\/wp\/v2\/product\/13648\/revisions"}],"predecessor-version":[{"id":13649,"href":"https:\/\/2023shop.heinrichschulte.de\/index.php?rest_route=\/wp\/v2\/product\/13648\/revisions\/13649"}],"wp:featuredmedia":[{"embeddable":true,"href":"https:\/\/2023shop.heinrichschulte.de\/index.php?rest_route=\/wp\/v2\/media\/5971"}],"wp:attachment":[{"href":"https:\/\/2023shop.heinrichschulte.de\/index.php?rest_route=%2Fwp%2Fv2%2Fmedia&parent=13648"}],"wp:term":[{"taxonomy":"product_cat","embeddable":true,"href":"https:\/\/2023shop.heinrichschulte.de\/index.php?rest_route=%2Fwp%2Fv2%2Fproduct_cat&post=13648"},{"taxonomy":"product_tag","embeddable":true,"href":"https:\/\/2023shop.heinrichschulte.de\/index.php?rest_route=%2Fwp%2Fv2%2Fproduct_tag&post=13648"}],"curies":[{"name":"wp","href":"https:\/\/api.w.org\/{rel}","templated":true}]}}