{"id":13652,"date":"2023-12-04T11:24:54","date_gmt":"2023-12-04T11:24:54","guid":{"rendered":"https:\/\/2023shop.heinrichschulte.de\/?product=alpha-style_600-3-loch-waschtischarmatur-mit-druckknopf-ablaufgarnitur-2"},"modified":"2023-12-04T11:24:55","modified_gmt":"2023-12-04T11:24:55","slug":"alpha-style_600-3-loch-waschtischarmatur-mit-druckknopf-ablaufgarnitur-2","status":"publish","type":"product","link":"https:\/\/2023shop.heinrichschulte.de\/?product=alpha-style_600-3-loch-waschtischarmatur-mit-druckknopf-ablaufgarnitur-2","title":{"rendered":"alpha-style_600 3-Loch Waschtischarmatur mit Druckknopf-Ablaufgarnitur"},"content":{"rendered":"","protected":false},"excerpt":{"rendered":"<p>Die minimalistische Formensprache des Armaturenk\u00f6rpers fasziniert ganz besonders, wenn das Wesen des Wassers sich sensibel in der Erscheinung manifestiert und zur luxuri\u00f6sen Ikone des elementaren Wechselspiels zwischen Ruhe und flie\u00dfender Bewegung wird. Die brillante Oberfl\u00e4che aus hochwertigem Chrom unterstreicht die hohe Qualit\u00e4t und Einzigartigkeit dieser Armatur. Formal dem Armaturenk\u00f6rper angepasst lassen sich die beiden im Griffbereich leicht geschwungenen, kompakten Drehgriffe exzellent bedienen, um manuell die gew\u00fcnschte Wassertemperatur einzustellen. Durch den querliegenden Strahlregler verl\u00e4sst das Wasser angepasst an den breiten Auslauf in weichem wasserfallartigem Schwall bedeutungsvoll die Armatur. Durch einen Druck auf die Verschlusskappe, l\u00e4sst sich die Ablaufgarnitur bequem direkt \u00f6ffnen und schlie\u00dfen. <\/p>\n","protected":false},"featured_media":5535,"template":"","meta":[],"product_cat":[1498,735,1370,1266,1856],"product_tag":[1504,134,1376,1278,1858],"lang":"de","translations":{"de":13652,"en":14638},"pll_sync_post":[],"_links":{"self":[{"href":"https:\/\/2023shop.heinrichschulte.de\/index.php?rest_route=\/wp\/v2\/product\/13652"}],"collection":[{"href":"https:\/\/2023shop.heinrichschulte.de\/index.php?rest_route=\/wp\/v2\/product"}],"about":[{"href":"https:\/\/2023shop.heinrichschulte.de\/index.php?rest_route=\/wp\/v2\/types\/product"}],"version-history":[{"count":1,"href":"https:\/\/2023shop.heinrichschulte.de\/index.php?rest_route=\/wp\/v2\/product\/13652\/revisions"}],"predecessor-version":[{"id":13653,"href":"https:\/\/2023shop.heinrichschulte.de\/index.php?rest_route=\/wp\/v2\/product\/13652\/revisions\/13653"}],"wp:featuredmedia":[{"embeddable":true,"href":"https:\/\/2023shop.heinrichschulte.de\/index.php?rest_route=\/wp\/v2\/media\/5535"}],"wp:attachment":[{"href":"https:\/\/2023shop.heinrichschulte.de\/index.php?rest_route=%2Fwp%2Fv2%2Fmedia&parent=13652"}],"wp:term":[{"taxonomy":"product_cat","embeddable":true,"href":"https:\/\/2023shop.heinrichschulte.de\/index.php?rest_route=%2Fwp%2Fv2%2Fproduct_cat&post=13652"},{"taxonomy":"product_tag","embeddable":true,"href":"https:\/\/2023shop.heinrichschulte.de\/index.php?rest_route=%2Fwp%2Fv2%2Fproduct_tag&post=13652"}],"curies":[{"name":"wp","href":"https:\/\/api.w.org\/{rel}","templated":true}]}}