{"id":13692,"date":"2023-12-04T11:24:57","date_gmt":"2023-12-04T11:24:57","guid":{"rendered":"https:\/\/2023shop.heinrichschulte.de\/?product=alpha-style_600-wannenarmatur-ohne-brausegarnitur-2"},"modified":"2023-12-04T11:24:58","modified_gmt":"2023-12-04T11:24:58","slug":"alpha-style_600-wannenarmatur-ohne-brausegarnitur-2","status":"publish","type":"product","link":"https:\/\/2023shop.heinrichschulte.de\/?product=alpha-style_600-wannenarmatur-ohne-brausegarnitur-2","title":{"rendered":"alpha-style_600 Wannenarmatur ohne Brausegarnitur"},"content":{"rendered":"","protected":false},"excerpt":{"rendered":"<p>\u00dcber einen langgestreckten puristisch gestalteten K\u00f6rper gelangt das Wasser in den zur Wanne hin geschwungenen breiten Auslauf. Die brillante Oberfl\u00e4che aus hochwertigem Chrom unterstreicht die hohe Qualit\u00e4t und Einzigartigkeit dieser Armatur. Der im Griffbereich leicht geschwungene Hebel zelebriert Leichtigkeit und Bewegung und schafft ergonomisch durchdacht Freiraum f\u00fcr komfortable Bedienung. Durch den querliegenden Strahlregler verl\u00e4sst das Wasser angepasst an den breiten Auslauf in weichem wasserfallartigem Schwall bedeutungsvoll die Armatur. Der gro\u00dffl\u00e4chige kreisf\u00f6rmige Umsteller auf der linken Seite der Armatur reagiert sensibel auf Druck und lenkt nahezu ger\u00e4uschlos das Wasser in den darunter angeordneten Brauseanschluss. Leicht der Wand anpassbare Schubrosetten umschlie\u00dfen elegant die Zuleitungen und verleihen der Armatur auch im Anschlussbereich eine sehr hochwertige Erscheinung. <\/p>\n","protected":false},"featured_media":5710,"template":"","meta":[],"product_cat":[1498,735,1370,1534,1536],"product_tag":[1504,134,1376,1538,1540],"lang":"de","translations":{"de":13692,"en":14648},"pll_sync_post":[],"_links":{"self":[{"href":"https:\/\/2023shop.heinrichschulte.de\/index.php?rest_route=\/wp\/v2\/product\/13692"}],"collection":[{"href":"https:\/\/2023shop.heinrichschulte.de\/index.php?rest_route=\/wp\/v2\/product"}],"about":[{"href":"https:\/\/2023shop.heinrichschulte.de\/index.php?rest_route=\/wp\/v2\/types\/product"}],"version-history":[{"count":1,"href":"https:\/\/2023shop.heinrichschulte.de\/index.php?rest_route=\/wp\/v2\/product\/13692\/revisions"}],"predecessor-version":[{"id":13693,"href":"https:\/\/2023shop.heinrichschulte.de\/index.php?rest_route=\/wp\/v2\/product\/13692\/revisions\/13693"}],"wp:featuredmedia":[{"embeddable":true,"href":"https:\/\/2023shop.heinrichschulte.de\/index.php?rest_route=\/wp\/v2\/media\/5710"}],"wp:attachment":[{"href":"https:\/\/2023shop.heinrichschulte.de\/index.php?rest_route=%2Fwp%2Fv2%2Fmedia&parent=13692"}],"wp:term":[{"taxonomy":"product_cat","embeddable":true,"href":"https:\/\/2023shop.heinrichschulte.de\/index.php?rest_route=%2Fwp%2Fv2%2Fproduct_cat&post=13692"},{"taxonomy":"product_tag","embeddable":true,"href":"https:\/\/2023shop.heinrichschulte.de\/index.php?rest_route=%2Fwp%2Fv2%2Fproduct_tag&post=13692"}],"curies":[{"name":"wp","href":"https:\/\/api.w.org\/{rel}","templated":true}]}}