{"id":13694,"date":"2023-12-04T11:24:58","date_gmt":"2023-12-04T11:24:58","guid":{"rendered":"https:\/\/2023shop.heinrichschulte.de\/?product=alpha-style_600-waschtischarmatur-mit-ablaufgarnitur-2"},"modified":"2023-12-04T11:24:58","modified_gmt":"2023-12-04T11:24:58","slug":"alpha-style_600-waschtischarmatur-mit-ablaufgarnitur-2","status":"publish","type":"product","link":"https:\/\/2023shop.heinrichschulte.de\/?product=alpha-style_600-waschtischarmatur-mit-ablaufgarnitur-2","title":{"rendered":"alpha-style_600 Waschtischarmatur mit Ablaufgarnitur"},"content":{"rendered":"","protected":false},"excerpt":{"rendered":"<p>Aus dem seitengesteuerten Grundk\u00f6rper mit seiner leicht geschwungen Vorder- und R\u00fcckseite erhebt sich in weitem Bogen der schwenkbare Auslauf. Seine hochwertige, gestalterische Verbundenheit mit dem Armaturenk\u00f6rper ist un\u00fcbersehbar. Die brillante Oberfl\u00e4che aus hochwertigem Chrom unterstreicht die hohe Qualit\u00e4t und Einzigartigkeit dieser Armatur. Der im Griffbereich leicht geschwungene Hebel zelebriert Leichtigkeit und Bewegung und schafft ergonomisch durchdacht Freiraum f\u00fcr komfortable Bedienung. Der unsichtbar eingesetzte Cach\u00e9-Strahlregler hilft Wasser zu sparen und sch\u00fctzt die Armatur durch seine eigens daf\u00fcr entwickelte Silikon-Lippe vor Kalkablagerungen. Zur Steuerung der Ablaufgarnitur integriert sich im hinteren Bereich dezent die leichtg\u00e4ngige Zugstange, die durch ihre Form auch mit nassen H\u00e4nden bequem und sicher zu bedienen ist. <\/p>\n","protected":false},"featured_media":5538,"template":"","meta":[],"product_cat":[1498,735,1370,1266,1856],"product_tag":[1504,134,1376,1278,1858],"lang":"de","translations":{"de":13694,"en":14650},"pll_sync_post":[],"_links":{"self":[{"href":"https:\/\/2023shop.heinrichschulte.de\/index.php?rest_route=\/wp\/v2\/product\/13694"}],"collection":[{"href":"https:\/\/2023shop.heinrichschulte.de\/index.php?rest_route=\/wp\/v2\/product"}],"about":[{"href":"https:\/\/2023shop.heinrichschulte.de\/index.php?rest_route=\/wp\/v2\/types\/product"}],"version-history":[{"count":1,"href":"https:\/\/2023shop.heinrichschulte.de\/index.php?rest_route=\/wp\/v2\/product\/13694\/revisions"}],"predecessor-version":[{"id":13695,"href":"https:\/\/2023shop.heinrichschulte.de\/index.php?rest_route=\/wp\/v2\/product\/13694\/revisions\/13695"}],"wp:featuredmedia":[{"embeddable":true,"href":"https:\/\/2023shop.heinrichschulte.de\/index.php?rest_route=\/wp\/v2\/media\/5538"}],"wp:attachment":[{"href":"https:\/\/2023shop.heinrichschulte.de\/index.php?rest_route=%2Fwp%2Fv2%2Fmedia&parent=13694"}],"wp:term":[{"taxonomy":"product_cat","embeddable":true,"href":"https:\/\/2023shop.heinrichschulte.de\/index.php?rest_route=%2Fwp%2Fv2%2Fproduct_cat&post=13694"},{"taxonomy":"product_tag","embeddable":true,"href":"https:\/\/2023shop.heinrichschulte.de\/index.php?rest_route=%2Fwp%2Fv2%2Fproduct_tag&post=13694"}],"curies":[{"name":"wp","href":"https:\/\/api.w.org\/{rel}","templated":true}]}}