{"id":13700,"date":"2023-12-04T11:25:00","date_gmt":"2023-12-04T11:25:00","guid":{"rendered":"https:\/\/2023shop.heinrichschulte.de\/?product=ascona_1-brausethermostat-ohne-brausegarnitur"},"modified":"2023-12-04T11:25:00","modified_gmt":"2023-12-04T11:25:00","slug":"ascona_1-brausethermostat-ohne-brausegarnitur","status":"publish","type":"product","link":"https:\/\/2023shop.heinrichschulte.de\/?product=ascona_1-brausethermostat-ohne-brausegarnitur","title":{"rendered":"ascona_1 Brausethermostat ohne Brausegarnitur"},"content":{"rendered":"","protected":false},"excerpt":{"rendered":"<p>In puristischer Klarheit ist der zylindrische K\u00f6rper der Armatur horizontal ausgerichtet. Der mittig nach unten angeordnete Handbrauseanschluss unterstreicht den edlen symmetrischen Aufbau. Die brillante Chromoberfl\u00e4che unterstreicht wirkungsvoll die Sch\u00f6nheit dieser Armatur. Mit Hei\u00dfwassersperre und dezenten Abrutschsicherungen bilden Temperaturregler und Mengeneinsteller eine formal ausgewogene Weiterf\u00fchrung des Grundk\u00f6rpers. Um das Wasser zur Handbrause zu leiten, wird der Mengeneinsteller ganz bequem nach vorne gedreht. Die Temperaturauswahl bleibt davon unber\u00fchrt. Durch leichte Verdrehung k\u00f6nnen die Wandanschlussrosetten der Wand angepasst werden. Die in der Wand liegenden S-Anschl\u00fcsse werden sauber abgedeckt. <\/p>\n","protected":false},"featured_media":5338,"template":"","meta":[],"product_cat":[1590,1370,1642,1644,865],"product_tag":[1594,1376,1646,1648,873],"lang":"de","translations":{"de":13700,"en":14656},"pll_sync_post":[],"_links":{"self":[{"href":"https:\/\/2023shop.heinrichschulte.de\/index.php?rest_route=\/wp\/v2\/product\/13700"}],"collection":[{"href":"https:\/\/2023shop.heinrichschulte.de\/index.php?rest_route=\/wp\/v2\/product"}],"about":[{"href":"https:\/\/2023shop.heinrichschulte.de\/index.php?rest_route=\/wp\/v2\/types\/product"}],"version-history":[{"count":1,"href":"https:\/\/2023shop.heinrichschulte.de\/index.php?rest_route=\/wp\/v2\/product\/13700\/revisions"}],"predecessor-version":[{"id":13701,"href":"https:\/\/2023shop.heinrichschulte.de\/index.php?rest_route=\/wp\/v2\/product\/13700\/revisions\/13701"}],"wp:featuredmedia":[{"embeddable":true,"href":"https:\/\/2023shop.heinrichschulte.de\/index.php?rest_route=\/wp\/v2\/media\/5338"}],"wp:attachment":[{"href":"https:\/\/2023shop.heinrichschulte.de\/index.php?rest_route=%2Fwp%2Fv2%2Fmedia&parent=13700"}],"wp:term":[{"taxonomy":"product_cat","embeddable":true,"href":"https:\/\/2023shop.heinrichschulte.de\/index.php?rest_route=%2Fwp%2Fv2%2Fproduct_cat&post=13700"},{"taxonomy":"product_tag","embeddable":true,"href":"https:\/\/2023shop.heinrichschulte.de\/index.php?rest_route=%2Fwp%2Fv2%2Fproduct_tag&post=13700"}],"curies":[{"name":"wp","href":"https:\/\/api.w.org\/{rel}","templated":true}]}}