{"id":13702,"date":"2023-12-04T11:25:00","date_gmt":"2023-12-04T11:25:00","guid":{"rendered":"https:\/\/2023shop.heinrichschulte.de\/?product=alpha-style_600-standhahn-mit-keramik-oberteil-2"},"modified":"2023-12-04T11:25:01","modified_gmt":"2023-12-04T11:25:01","slug":"alpha-style_600-standhahn-mit-keramik-oberteil-2","status":"publish","type":"product","link":"https:\/\/2023shop.heinrichschulte.de\/?product=alpha-style_600-standhahn-mit-keramik-oberteil-2","title":{"rendered":"alpha-style_600 Standhahn mit Keramik-Oberteil"},"content":{"rendered":"","protected":false},"excerpt":{"rendered":"<p>Die minimalistische Formensprache des Armaturenk\u00f6rpers fasziniert ganz besonders, wenn das Wesen des Wassers sich sensibel in der Erscheinung manifestiert und zur luxuri\u00f6sen Ikone des elementaren Wechselspiels zwischen Ruhe und flie\u00dfender Bewegung wird. F\u00fcr kleine Waschbecken im G\u00e4ste-WC ist dieser Standhahn f\u00fcr die Kaltwassernutzung ausgelegt. Mit seiner kleinen Bauform findet er sich formvollendet in diese Umgebung ein. Die brillante Oberfl\u00e4che aus hochwertigem Chrom unterstreicht die hohe Qualit\u00e4t und Einzigartigkeit dieser Armatur. Formal dem Armaturenk\u00f6rper angepasst l\u00e4sst sich der im Griffbereich leicht geschwungene, kompakte Drehgriff exzellent bedienen. Durch den querliegenden Strahlregler verl\u00e4sst das Wasser angepasst an den breiten Auslauf in weichem wasserfallartigem Schwall bedeutungsvoll die Armatur. <\/p>\n","protected":false},"featured_media":5523,"template":"","meta":[],"product_cat":[1498,735,1370,1266,1856],"product_tag":[1504,134,1376,1278,1858],"lang":"de","translations":{"de":13702,"en":14658},"pll_sync_post":[],"_links":{"self":[{"href":"https:\/\/2023shop.heinrichschulte.de\/index.php?rest_route=\/wp\/v2\/product\/13702"}],"collection":[{"href":"https:\/\/2023shop.heinrichschulte.de\/index.php?rest_route=\/wp\/v2\/product"}],"about":[{"href":"https:\/\/2023shop.heinrichschulte.de\/index.php?rest_route=\/wp\/v2\/types\/product"}],"version-history":[{"count":1,"href":"https:\/\/2023shop.heinrichschulte.de\/index.php?rest_route=\/wp\/v2\/product\/13702\/revisions"}],"predecessor-version":[{"id":13703,"href":"https:\/\/2023shop.heinrichschulte.de\/index.php?rest_route=\/wp\/v2\/product\/13702\/revisions\/13703"}],"wp:featuredmedia":[{"embeddable":true,"href":"https:\/\/2023shop.heinrichschulte.de\/index.php?rest_route=\/wp\/v2\/media\/5523"}],"wp:attachment":[{"href":"https:\/\/2023shop.heinrichschulte.de\/index.php?rest_route=%2Fwp%2Fv2%2Fmedia&parent=13702"}],"wp:term":[{"taxonomy":"product_cat","embeddable":true,"href":"https:\/\/2023shop.heinrichschulte.de\/index.php?rest_route=%2Fwp%2Fv2%2Fproduct_cat&post=13702"},{"taxonomy":"product_tag","embeddable":true,"href":"https:\/\/2023shop.heinrichschulte.de\/index.php?rest_route=%2Fwp%2Fv2%2Fproduct_tag&post=13702"}],"curies":[{"name":"wp","href":"https:\/\/api.w.org\/{rel}","templated":true}]}}