{"id":13704,"date":"2023-12-04T11:25:01","date_gmt":"2023-12-04T11:25:01","guid":{"rendered":"https:\/\/2023shop.heinrichschulte.de\/?product=alpha_300-wanneneinlauf"},"modified":"2023-12-04T11:25:02","modified_gmt":"2023-12-04T11:25:02","slug":"alpha_300-wanneneinlauf","status":"publish","type":"product","link":"https:\/\/2023shop.heinrichschulte.de\/?product=alpha_300-wanneneinlauf","title":{"rendered":"alpha_300 Wanneneinlauf"},"content":{"rendered":"","protected":false},"excerpt":{"rendered":"<p>Puristisch und funktionsorientiert l\u00e4sst dieser Wanneneinlauf das Wasser in die Badewanne flie\u00dfen. Wirkungsvoll unterstreicht die glanzvolle Chromoberfl\u00e4che die zeitlose Eleganz dieses Funktionselements. Kompakt und selbstbewusst ist der Hebel in der Grundstellung vertikal ausgerichtet und schafft damit angenehmen Bedienkomfort. <\/p>\n","protected":false},"featured_media":5961,"template":"","meta":[],"product_cat":[1566,735,1370,1534,1694],"product_tag":[1570,134,1376,1538,1696],"lang":"de","translations":{"de":13704,"en":14660},"pll_sync_post":[],"_links":{"self":[{"href":"https:\/\/2023shop.heinrichschulte.de\/index.php?rest_route=\/wp\/v2\/product\/13704"}],"collection":[{"href":"https:\/\/2023shop.heinrichschulte.de\/index.php?rest_route=\/wp\/v2\/product"}],"about":[{"href":"https:\/\/2023shop.heinrichschulte.de\/index.php?rest_route=\/wp\/v2\/types\/product"}],"version-history":[{"count":1,"href":"https:\/\/2023shop.heinrichschulte.de\/index.php?rest_route=\/wp\/v2\/product\/13704\/revisions"}],"predecessor-version":[{"id":13705,"href":"https:\/\/2023shop.heinrichschulte.de\/index.php?rest_route=\/wp\/v2\/product\/13704\/revisions\/13705"}],"wp:featuredmedia":[{"embeddable":true,"href":"https:\/\/2023shop.heinrichschulte.de\/index.php?rest_route=\/wp\/v2\/media\/5961"}],"wp:attachment":[{"href":"https:\/\/2023shop.heinrichschulte.de\/index.php?rest_route=%2Fwp%2Fv2%2Fmedia&parent=13704"}],"wp:term":[{"taxonomy":"product_cat","embeddable":true,"href":"https:\/\/2023shop.heinrichschulte.de\/index.php?rest_route=%2Fwp%2Fv2%2Fproduct_cat&post=13704"},{"taxonomy":"product_tag","embeddable":true,"href":"https:\/\/2023shop.heinrichschulte.de\/index.php?rest_route=%2Fwp%2Fv2%2Fproduct_tag&post=13704"}],"curies":[{"name":"wp","href":"https:\/\/api.w.org\/{rel}","templated":true}]}}