{"id":13724,"date":"2023-12-04T11:25:10","date_gmt":"2023-12-04T11:25:10","guid":{"rendered":"https:\/\/2023shop.heinrichschulte.de\/?product=alpha_300-kuechenarmatur-200"},"modified":"2023-12-04T11:25:11","modified_gmt":"2023-12-04T11:25:11","slug":"alpha_300-kuechenarmatur-200","status":"publish","type":"product","link":"https:\/\/2023shop.heinrichschulte.de\/?product=alpha_300-kuechenarmatur-200","title":{"rendered":"alpha_300 K\u00fcchenarmatur 200"},"content":{"rendered":"","protected":false},"excerpt":{"rendered":"<p>Seitengesteuert und auf einem kompakten Armaturenk\u00f6rper aufbauend, erhebt sich diese Armatur stilvoll nach oben und l\u00e4sst das Wasser \u00fcber einen kreisrunden Bogen abflie\u00dfen. Die brillante Chromoberfl\u00e4che unterstreicht wirkungsvoll die Sch\u00f6nheit dieser Armatur. Leicht beweglich und ergonomisch sensibel abgestimmt, schlie\u00dft der im \u00dcbergang markant gestaltete Hebel die Armatur formvollendet ab. Seine vertikale Ausrichtung schafft angenehme Bewegungsfreiheit. Der unsichtbar eingesetzte Cach\u00e9-Strahlregler hilft Wasser zu sparen und sch\u00fctzt die Armatur durch seine eigens daf\u00fcr entwickelte Silikon-Lippe vor Kalkablagerungen. Der schwenkbare Auslauf erm\u00f6glicht komfortables und zielgerichtetes Arbeiten. <\/p>\n","protected":false},"featured_media":5975,"template":"","meta":[],"product_cat":[1566,1330,1334,1742],"product_tag":[1570,71,75,1744],"lang":"de","translations":{"de":13724,"en":14680},"pll_sync_post":[],"_links":{"self":[{"href":"https:\/\/2023shop.heinrichschulte.de\/index.php?rest_route=\/wp\/v2\/product\/13724"}],"collection":[{"href":"https:\/\/2023shop.heinrichschulte.de\/index.php?rest_route=\/wp\/v2\/product"}],"about":[{"href":"https:\/\/2023shop.heinrichschulte.de\/index.php?rest_route=\/wp\/v2\/types\/product"}],"version-history":[{"count":1,"href":"https:\/\/2023shop.heinrichschulte.de\/index.php?rest_route=\/wp\/v2\/product\/13724\/revisions"}],"predecessor-version":[{"id":13725,"href":"https:\/\/2023shop.heinrichschulte.de\/index.php?rest_route=\/wp\/v2\/product\/13724\/revisions\/13725"}],"wp:featuredmedia":[{"embeddable":true,"href":"https:\/\/2023shop.heinrichschulte.de\/index.php?rest_route=\/wp\/v2\/media\/5975"}],"wp:attachment":[{"href":"https:\/\/2023shop.heinrichschulte.de\/index.php?rest_route=%2Fwp%2Fv2%2Fmedia&parent=13724"}],"wp:term":[{"taxonomy":"product_cat","embeddable":true,"href":"https:\/\/2023shop.heinrichschulte.de\/index.php?rest_route=%2Fwp%2Fv2%2Fproduct_cat&post=13724"},{"taxonomy":"product_tag","embeddable":true,"href":"https:\/\/2023shop.heinrichschulte.de\/index.php?rest_route=%2Fwp%2Fv2%2Fproduct_tag&post=13724"}],"curies":[{"name":"wp","href":"https:\/\/api.w.org\/{rel}","templated":true}]}}