{"id":13730,"date":"2023-12-04T11:25:25","date_gmt":"2023-12-04T11:25:25","guid":{"rendered":"https:\/\/2023shop.heinrichschulte.de\/?product=alpha_350-kuechenarmatur"},"modified":"2023-12-04T11:25:25","modified_gmt":"2023-12-04T11:25:25","slug":"alpha_350-kuechenarmatur","status":"publish","type":"product","link":"https:\/\/2023shop.heinrichschulte.de\/?product=alpha_350-kuechenarmatur","title":{"rendered":"alpha_350 K\u00fcchenarmatur"},"content":{"rendered":"","protected":false},"excerpt":{"rendered":"<p>Im breit gef\u00e4cherten Bereich der klassischen bis modernen K\u00fcchengestaltung findet sich diese ergonomisch ausgereifte Armatur eindrucksvoll ein. Schwungvoll f\u00fchrt der elegante Auslauf das Wasser in die H\u00f6he. Die brillante Chromoberfl\u00e4che unterstreicht wirkungsvoll die Sch\u00f6nheit dieser Armatur. Zur\u00fcckhaltend in seiner Erscheinungsform und mit flie\u00dfenden formalen \u00dcberg\u00e4ngen liegt der Hebel angenehm und sicher in der Hand. Der eingesetzte Spezialstrahlregler hilft Wasser zu sparen und sch\u00fctzt die Armatur durch seine eigens daf\u00fcr entwickelte Silikon-Lippe vor Kalkablagerungen. Der schwenkbare Auslauf erm\u00f6glicht komfortables und zielgerichtetes Arbeiten. <\/p>\n","protected":false},"featured_media":5823,"template":"","meta":[],"product_cat":[1332,1330,1334,1336],"product_tag":[1338,71,75,1340],"lang":"de","translations":{"de":13730,"en":14714},"pll_sync_post":[],"_links":{"self":[{"href":"https:\/\/2023shop.heinrichschulte.de\/index.php?rest_route=\/wp\/v2\/product\/13730"}],"collection":[{"href":"https:\/\/2023shop.heinrichschulte.de\/index.php?rest_route=\/wp\/v2\/product"}],"about":[{"href":"https:\/\/2023shop.heinrichschulte.de\/index.php?rest_route=\/wp\/v2\/types\/product"}],"version-history":[{"count":1,"href":"https:\/\/2023shop.heinrichschulte.de\/index.php?rest_route=\/wp\/v2\/product\/13730\/revisions"}],"predecessor-version":[{"id":13731,"href":"https:\/\/2023shop.heinrichschulte.de\/index.php?rest_route=\/wp\/v2\/product\/13730\/revisions\/13731"}],"wp:featuredmedia":[{"embeddable":true,"href":"https:\/\/2023shop.heinrichschulte.de\/index.php?rest_route=\/wp\/v2\/media\/5823"}],"wp:attachment":[{"href":"https:\/\/2023shop.heinrichschulte.de\/index.php?rest_route=%2Fwp%2Fv2%2Fmedia&parent=13730"}],"wp:term":[{"taxonomy":"product_cat","embeddable":true,"href":"https:\/\/2023shop.heinrichschulte.de\/index.php?rest_route=%2Fwp%2Fv2%2Fproduct_cat&post=13730"},{"taxonomy":"product_tag","embeddable":true,"href":"https:\/\/2023shop.heinrichschulte.de\/index.php?rest_route=%2Fwp%2Fv2%2Fproduct_tag&post=13730"}],"curies":[{"name":"wp","href":"https:\/\/api.w.org\/{rel}","templated":true}]}}