{"id":13732,"date":"2023-12-04T11:25:25","date_gmt":"2023-12-04T11:25:25","guid":{"rendered":"https:\/\/2023shop.heinrichschulte.de\/?product=alpha-style_600-waschtischarmatur-mit-ablaufgarnitur-3"},"modified":"2023-12-04T11:25:26","modified_gmt":"2023-12-04T11:25:26","slug":"alpha-style_600-waschtischarmatur-mit-ablaufgarnitur-3","status":"publish","type":"product","link":"https:\/\/2023shop.heinrichschulte.de\/?product=alpha-style_600-waschtischarmatur-mit-ablaufgarnitur-3","title":{"rendered":"alpha-style_600 Waschtischarmatur mit Ablaufgarnitur"},"content":{"rendered":"","protected":false},"excerpt":{"rendered":"<p>Die minimalistische Formensprache des Armaturenk\u00f6rpers fasziniert ganz besonders, wenn das Wesen des Wassers sich sensibel in der Erscheinung manifestiert und zur luxuri\u00f6sen Ikone des elementaren Wechselspiels zwischen Ruhe und flie\u00dfender Bewegung wird. Die brillante Oberfl\u00e4che aus hochwertigem Chrom unterstreicht die hohe Qualit\u00e4t und Einzigartigkeit dieser Armatur. Der im Griffbereich leicht geschwungene Hebel zelebriert Leichtigkeit und Bewegung und schafft ergonomisch durchdacht Freiraum f\u00fcr komfortable Bedienung. Durch den querliegenden Strahlregler verl\u00e4sst das Wasser angepasst an den breiten Auslauf in weichem wasserfallartigem Schwall bedeutungsvoll die Armatur. Zur Steuerung der Ablaufgarnitur integriert sich im hinteren Bereich dezent die leichtg\u00e4ngige Zugstange, die durch ihre Form auch mit nassen H\u00e4nden bequem und sicher zu bedienen ist. <\/p>\n","protected":false},"featured_media":5526,"template":"","meta":[],"product_cat":[1498,735,1370,1266,1856],"product_tag":[1504,134,1376,1278,1858],"lang":"de","translations":{"de":13732,"en":14716},"pll_sync_post":[],"_links":{"self":[{"href":"https:\/\/2023shop.heinrichschulte.de\/index.php?rest_route=\/wp\/v2\/product\/13732"}],"collection":[{"href":"https:\/\/2023shop.heinrichschulte.de\/index.php?rest_route=\/wp\/v2\/product"}],"about":[{"href":"https:\/\/2023shop.heinrichschulte.de\/index.php?rest_route=\/wp\/v2\/types\/product"}],"version-history":[{"count":1,"href":"https:\/\/2023shop.heinrichschulte.de\/index.php?rest_route=\/wp\/v2\/product\/13732\/revisions"}],"predecessor-version":[{"id":13733,"href":"https:\/\/2023shop.heinrichschulte.de\/index.php?rest_route=\/wp\/v2\/product\/13732\/revisions\/13733"}],"wp:featuredmedia":[{"embeddable":true,"href":"https:\/\/2023shop.heinrichschulte.de\/index.php?rest_route=\/wp\/v2\/media\/5526"}],"wp:attachment":[{"href":"https:\/\/2023shop.heinrichschulte.de\/index.php?rest_route=%2Fwp%2Fv2%2Fmedia&parent=13732"}],"wp:term":[{"taxonomy":"product_cat","embeddable":true,"href":"https:\/\/2023shop.heinrichschulte.de\/index.php?rest_route=%2Fwp%2Fv2%2Fproduct_cat&post=13732"},{"taxonomy":"product_tag","embeddable":true,"href":"https:\/\/2023shop.heinrichschulte.de\/index.php?rest_route=%2Fwp%2Fv2%2Fproduct_tag&post=13732"}],"curies":[{"name":"wp","href":"https:\/\/api.w.org\/{rel}","templated":true}]}}