{"id":13746,"date":"2023-12-04T11:25:30","date_gmt":"2023-12-04T11:25:30","guid":{"rendered":"https:\/\/2023shop.heinrichschulte.de\/?product=ascona_1-kuechenarmatur-mit-ausziehauslauf"},"modified":"2023-12-04T11:25:31","modified_gmt":"2023-12-04T11:25:31","slug":"ascona_1-kuechenarmatur-mit-ausziehauslauf","status":"publish","type":"product","link":"https:\/\/2023shop.heinrichschulte.de\/?product=ascona_1-kuechenarmatur-mit-ausziehauslauf","title":{"rendered":"ascona_1 K\u00fcchenarmatur mit Ausziehauslauf"},"content":{"rendered":"","protected":false},"excerpt":{"rendered":"<p>Harmonisch f\u00fcgen sich Armaturenk\u00f6rper und Auslauf zu einer schwungvollen Gestaltungseinheit zusammen. Sch\u00f6ner l\u00e4sst sich die Dynamik flie\u00dfenden Wassers nicht pr\u00e4sentieren. Die brillante Chromoberfl\u00e4che unterstreicht wirkungsvoll die Sch\u00f6nheit dieser Armatur. Durch den weit nach oben gerichteten Hebel wird die Gestaltungsintension der Armatur exquisit vollendet und optimaler Zugriff erm\u00f6glicht. Der mit wirkungsvollem Kalkschutz ausgestattete Spezialstrahlregler gew\u00e4hrleistet eine optimal bel\u00fcftete Strahlqualit\u00e4t. Dadurch wird Wasser gespart und Spritzwasser verhindert. Der schwenk- und herausziehbare Auslauf erm\u00f6glicht komfortables und zielgerichtetes Arbeiten. Ein eingebauter R\u00fcckflussverhinderer macht die Wasserf\u00fchrung eigensichen. Schmutzwasser kann nicht ins Trinkwasser zur\u00fcckflie\u00dfen. <\/p>\n","protected":false},"featured_media":5515,"template":"","meta":[],"product_cat":[1590,1330,1334,1592],"product_tag":[1594,71,75,1596],"lang":"de","translations":{"de":13746,"en":14730},"pll_sync_post":[],"_links":{"self":[{"href":"https:\/\/2023shop.heinrichschulte.de\/index.php?rest_route=\/wp\/v2\/product\/13746"}],"collection":[{"href":"https:\/\/2023shop.heinrichschulte.de\/index.php?rest_route=\/wp\/v2\/product"}],"about":[{"href":"https:\/\/2023shop.heinrichschulte.de\/index.php?rest_route=\/wp\/v2\/types\/product"}],"version-history":[{"count":1,"href":"https:\/\/2023shop.heinrichschulte.de\/index.php?rest_route=\/wp\/v2\/product\/13746\/revisions"}],"predecessor-version":[{"id":13747,"href":"https:\/\/2023shop.heinrichschulte.de\/index.php?rest_route=\/wp\/v2\/product\/13746\/revisions\/13747"}],"wp:featuredmedia":[{"embeddable":true,"href":"https:\/\/2023shop.heinrichschulte.de\/index.php?rest_route=\/wp\/v2\/media\/5515"}],"wp:attachment":[{"href":"https:\/\/2023shop.heinrichschulte.de\/index.php?rest_route=%2Fwp%2Fv2%2Fmedia&parent=13746"}],"wp:term":[{"taxonomy":"product_cat","embeddable":true,"href":"https:\/\/2023shop.heinrichschulte.de\/index.php?rest_route=%2Fwp%2Fv2%2Fproduct_cat&post=13746"},{"taxonomy":"product_tag","embeddable":true,"href":"https:\/\/2023shop.heinrichschulte.de\/index.php?rest_route=%2Fwp%2Fv2%2Fproduct_tag&post=13746"}],"curies":[{"name":"wp","href":"https:\/\/api.w.org\/{rel}","templated":true}]}}