{"id":13778,"date":"2023-12-04T11:25:31","date_gmt":"2023-12-04T11:25:31","guid":{"rendered":"https:\/\/2023shop.heinrichschulte.de\/?product=alpha-style_600-wannenrandarmatur-ohne-wannenrandelement"},"modified":"2023-12-04T11:25:31","modified_gmt":"2023-12-04T11:25:31","slug":"alpha-style_600-wannenrandarmatur-ohne-wannenrandelement","status":"publish","type":"product","link":"https:\/\/2023shop.heinrichschulte.de\/?product=alpha-style_600-wannenrandarmatur-ohne-wannenrandelement","title":{"rendered":"alpha-style_600 Wannenrandarmatur ohne Wannenrandelement"},"content":{"rendered":"","protected":false},"excerpt":{"rendered":"<p>F\u00fcr ganz besondere Exklusivit\u00e4t l\u00e4sst sich diese dreiteilige Wannenrandarmatur im Wannenk\u00f6rper integrieren. Armatur, Bedienelement und Handbrause bilden eine harmonische Einheit, in der der Schlauch zur Handbrause in der Ruheposition elegant im Wannenk\u00f6rper verborgen bleibt. Die Schr\u00e4gstellung der Handbrause unterst\u00fctzt die sehr bequeme Entnahme. Die brillante Oberfl\u00e4che aus hochwertigem Chrom unterstreicht die hohe Qualit\u00e4t und Einzigartigkeit dieser Armatur. Der im Griffbereich leicht geschwungene Hebel zelebriert Leichtigkeit und Bewegung und schafft ergonomisch durchdacht Freiraum f\u00fcr komfortable Bedienung. Durch den querliegenden Strahlregler verl\u00e4sst das Wasser angepasst an den breiten Auslauf in weichem wasserfallartigem Schwall bedeutungsvoll die Armatur. Angenehm leichtg\u00e4ngig und bequem zu erreichen, ist der formal perfekt eingegliederte Umsteller einfach und sicher zu bedienen. <\/p>\n","protected":false},"featured_media":5713,"template":"","meta":[],"product_cat":[1498,735,1370,1534,1536],"product_tag":[1504,134,1376,1538,1540],"lang":"de","translations":{"de":13778,"en":14732},"pll_sync_post":[],"_links":{"self":[{"href":"https:\/\/2023shop.heinrichschulte.de\/index.php?rest_route=\/wp\/v2\/product\/13778"}],"collection":[{"href":"https:\/\/2023shop.heinrichschulte.de\/index.php?rest_route=\/wp\/v2\/product"}],"about":[{"href":"https:\/\/2023shop.heinrichschulte.de\/index.php?rest_route=\/wp\/v2\/types\/product"}],"version-history":[{"count":1,"href":"https:\/\/2023shop.heinrichschulte.de\/index.php?rest_route=\/wp\/v2\/product\/13778\/revisions"}],"predecessor-version":[{"id":13779,"href":"https:\/\/2023shop.heinrichschulte.de\/index.php?rest_route=\/wp\/v2\/product\/13778\/revisions\/13779"}],"wp:featuredmedia":[{"embeddable":true,"href":"https:\/\/2023shop.heinrichschulte.de\/index.php?rest_route=\/wp\/v2\/media\/5713"}],"wp:attachment":[{"href":"https:\/\/2023shop.heinrichschulte.de\/index.php?rest_route=%2Fwp%2Fv2%2Fmedia&parent=13778"}],"wp:term":[{"taxonomy":"product_cat","embeddable":true,"href":"https:\/\/2023shop.heinrichschulte.de\/index.php?rest_route=%2Fwp%2Fv2%2Fproduct_cat&post=13778"},{"taxonomy":"product_tag","embeddable":true,"href":"https:\/\/2023shop.heinrichschulte.de\/index.php?rest_route=%2Fwp%2Fv2%2Fproduct_tag&post=13778"}],"curies":[{"name":"wp","href":"https:\/\/api.w.org\/{rel}","templated":true}]}}